{"id":10,"date":"2013-02-09T01:20:19","date_gmt":"2013-02-09T00:20:19","guid":{"rendered":"http:\/\/m-soft.nazwa.pl\/instalator\/wordpress2\/?page_id=10"},"modified":"2025-07-27T18:23:30","modified_gmt":"2025-07-27T16:23:30","slug":"resume","status":"publish","type":"page","link":"https:\/\/jaroszewicz.com\/?page_id=10","title":{"rendered":"Resume"},"content":{"rendered":"<h2>Prof. Leszek R. Jaroszewicz<\/h2>\r\n<h3>Corresponding Member of the PAS<\/h3>\r\n<h3>PhD, D.Sc., Eng., SPIE Fellow<\/h3>\r\n<table border=\"0\" cellspacing=\"0\" cellpadding=\"2\">\r\n<tbody>\r\n<tr valign=\"top\">\r\n<td align=\"left\" width=\"80\"><b>Address:<\/b><\/td>\r\n<td><b>Military University of Technology,<br \/><\/b>ul. gen. Sylwestra Kaliskiego 2, 00-908 Warsaw-49, Poland<\/td>\r\n<\/tr>\r\n<tr>\r\n<td><b>Telephone:<\/b><\/td>\r\n<td><b>+48-261 839 393, +48 603-399-968<\/b><\/td>\r\n<\/tr>\r\n<tr>\r\n<td><b>E-mail:<\/b><\/td>\r\n<td><b><a href=\"mailto:jarosz@wat.edu.pl\">jarosz@wat.edu.pl<\/a>,<br \/><a href=\"mailto:leszek@jaroszewicz.com\">leszek@jaroszewicz.com<\/a><\/b><\/td>\r\n<\/tr>\r\n<tr>\r\n<td><b>Date of birth:<\/b><\/td>\r\n<td>May 24, 1959 Lublin, Poland<\/td>\r\n<\/tr>\r\n<\/tbody>\r\n<\/table>\r\n<h2>Educational and Science Background<\/h2>\r\n<table style=\"height: 261px;\" border=\"0\" cellspacing=\"0\" cellpadding=\"3\">\r\n<tbody>\r\n<tr valign=\"top\">\r\n<td width=\"80\">2020<\/td>\r\n<td>Corresponding Member of the Polish Academy of Sciences<\/td>\r\n<\/tr>\r\n<tr valign=\"top\">\r\n<td width=\"80\">2002<\/td>\r\n<td>Professor (National Poland) &#8211; technical science, electronics<\/td>\r\n<\/tr>\r\n<tr valign=\"top\">\r\n<td>1996<\/td>\r\n<td>D.Sc., Faculty of Electronics &#8211; the Military University of Technology &#8211; Warsaw: Coherence and polarisation role in fiber-optic interferometry<\/td>\r\n<\/tr>\r\n<tr valign=\"top\">\r\n<td width=\"100\">1989<\/td>\r\n<td>PhD, Faculty of Chemistry and Applied Physics &#8211; the Military University of Technology &#8211; Warsaw: Analysis of polarisation transfer in fiber-optic gyroscope<\/td>\r\n<\/tr>\r\n<tr valign=\"top\">\r\n<td>1983<\/td>\r\n<td>M.Sc. (Eng.), Faculty of Chemistry and Applied Physics &#8211; the Military University of Technology &#8211; Warsaw: Optical heterodyne action with the application of optical fiber<\/td>\r\n<\/tr>\r\n<\/tbody>\r\n<\/table>\r\n<h2>Profesional Career<\/h2>\r\n<table border=\"0\" cellspacing=\"0\" cellpadding=\"3\">\r\n<tbody>\r\n<tr valign=\"top\">\r\n<td width=\"80\">2023 &#8211; 2026<\/td>\r\n<td>Member of the Scientific Council of the Space Research Centre of the Polish Academy of Sciences<\/td>\r\n<td>\u00a0<\/td>\r\n<\/tr>\r\n<tr valign=\"top\">\r\n<td width=\"80\">2023 &#8211; 2026<\/td>\r\n<td>Member of the Scientific Council of the Strata Mechanics Research Institute of the Polish Academy of Sciences<\/td>\r\n<td>\u00a0<\/td>\r\n<\/tr>\r\n<tr valign=\"top\">\r\n<td width=\"80\">2023 &#8211; 2026<\/td>\r\n<td>Member of the Scientific Council of the Institute of Geophysics Polish Academy of Sciences<\/td>\r\n<td>\u00a0<\/td>\r\n<\/tr>\r\n<tr valign=\"top\">\r\n<td width=\"80\">2021 &#8211; 2024<\/td>\r\n<td>Member of the Program Board of the Laser Technologies of Metals Center the \u015awi\u0119tokrzyski University of Technology and the Polish Academy of Sciences<\/td>\r\n<td>\u00a0<\/td>\r\n<\/tr>\r\n<tr valign=\"top\">\r\n<td width=\"80\">2020 &#8211;<\/td>\r\n<td>Member of the Superintendent Board, Faculty IV &#8211; Technical Science of the Polish Academy of Sciences<\/td>\r\n<td>\u00a0<\/td>\r\n<\/tr>\r\n<tr valign=\"top\">\r\n<td width=\"80\">2021 &#8211; 2024<\/td>\r\n<td>Member of the Material Science and Metarulgy Committee of the Polish Academy of Sciences<\/td>\r\n<td>\u00a0<\/td>\r\n<\/tr>\r\n<tr valign=\"top\">\r\n<td width=\"80\">2015 &#8211; 2024<\/td>\r\n<td>Member of the Electronics and Telecommunication Committee of the Polish Academy of Sciences<\/td>\r\n<td>\u00a0<\/td>\r\n<\/tr>\r\n<tr valign=\"top\">\r\n<td>2015 &#8211;<\/td>\r\n<td>Editor-in-Chief of the Opto-Electronics Review journal<\/td>\r\n<td>\u00a0<\/td>\r\n<\/tr>\r\n<tr valign=\"top\">\r\n<td width=\"100\">2015 &#8211;<\/td>\r\n<td>Member of International Honorary Committee of International Conference on Optical Fibre Sensors (OFS)<\/td>\r\n<td>\u00a0<\/td>\r\n<\/tr>\r\n<tr valign=\"top\">\r\n<td>2015 &#8211;<\/td>\r\n<td>Member of the Steering Committee of European Workshop for Optical Fiber Sensor (EWOFS)<\/td>\r\n<td>\u00a0<\/td>\r\n<\/tr>\r\n<tr valign=\"top\">\r\n<td style=\"text-align: center;\">2014<\/td>\r\n<td>Member of the Group for protest evaluation for PO IG action 1.4 elections 2013, the National Centre for Research and Development, Poland<\/td>\r\n<td>\u00a0<\/td>\r\n<\/tr>\r\n<tr valign=\"top\">\r\n<td style=\"text-align: center;\">2013<\/td>\r\n<td>Chairman of the Group for evaluation PO IG action 2.3 projects, the National Centre for Research and Development, Poland<\/td>\r\n<td>\u00a0<\/td>\r\n<\/tr>\r\n<tr valign=\"top\">\r\n<td>2013 &#8211; 2015<\/td>\r\n<td>Member Committee of Research and Development the Bumar Electronika Division, Warsaw, Poland<\/td>\r\n<td>\u00a0<\/td>\r\n<\/tr>\r\n<tr valign=\"top\">\r\n<td>2013 &#8211; 2015<\/td>\r\n<td>Chairman of the Group for evaluation PO IG 1.1.1 and 1.3 projects on the end of their realization, the National Information Processing Institute, Poland<\/td>\r\n<td>\u00a0<\/td>\r\n<\/tr>\r\n<tr valign=\"top\">\r\n<td>2012 &#8211; 2020<\/td>\r\n<td>Chairman of the Science Commission of the Senate the Military University of Technology, Warsaw, Poland<\/td>\r\n<td>\u00a0<\/td>\r\n<\/tr>\r\n<tr valign=\"top\">\r\n<td>2012\u00a0 &#8211; 2019<\/td>\r\n<td>Chairman of the Science Commission of the New Technologies and Chemistry Faculty, the Military University of Technology, Warsaw, Poland<\/td>\r\n<td>\u00a0<\/td>\r\n<\/tr>\r\n<tr valign=\"top\">\r\n<td>2011 &#8211; 2014<\/td>\r\n<td>Deputy Editor-in-Chief of the Opto-Electronics journal<\/td>\r\n<td>\u00a0<\/td>\r\n<\/tr>\r\n<tr valign=\"top\">\r\n<td>2011 &#8211; 2013<\/td>\r\n<td>Chairman of the Specialise Group regards programme &#8220;Kreator Innowacyjno\u015bci &#8211; wsparcie przedsi\u0119biorczo\u015bci akademickiej? and ?PATENT PLUS &#8211; wsparcie patentowania wynalazk\u00f3w?, the National Centre for Rersearch and Development, Poland<\/td>\r\n<td>\u00a0<\/td>\r\n<\/tr>\r\n<tr valign=\"top\">\r\n<td>2010 &#8211; 2014<\/td>\r\n<td>Member of the Management Group UE COST Action TD1001 Novel and Reliable Optical Fibre Sensor Systems for Future Security and Safety Applications (OFSeSa) WG4 Chair &#8211; Optimisation of system components<\/td>\r\n<td>\u00a0<\/td>\r\n<\/tr>\r\n<tr valign=\"top\">\r\n<td>2010 &#8211; 2013<\/td>\r\n<td>Member of Expert Group for the International project, the National Centre for Research and Development, Poland<\/td>\r\n<td>\u00a0<\/td>\r\n<\/tr>\r\n<tr valign=\"top\">\r\n<td>2010 &#8211; 2013<\/td>\r\n<td>Member of the Mirror Group ETP Photonics21<\/td>\r\n<td>\u00a0<\/td>\r\n<\/tr>\r\n<tr valign=\"top\">\r\n<td>2009<\/td>\r\n<td>Member of Expert Group for InTech-2 project, the National Centre for Research and Development, Poland<\/td>\r\n<td>\u00a0<\/td>\r\n<\/tr>\r\n<tr valign=\"top\">\r\n<td>2008 &#8211; 2010<\/td>\r\n<td>Chairman of\u00a0 the Commission for the PO IG action 1.1.1 and 1.3 projects evaluation, the National Information Processing Institute, Poland<\/td>\r\n<td>\u00a0<\/td>\r\n<\/tr>\r\n<tr valign=\"top\">\r\n<td>2008 &#8211; 2024<\/td>\r\n<td>Vice-Chairman of the Photonics Society of Poland<\/td>\r\n<td>\u00a0<\/td>\r\n<\/tr>\r\n<tr valign=\"top\">\r\n<td style=\"text-align: center;\">2007<\/td>\r\n<td>Member of International Commission for the NSERC project evaluation, Canada<\/td>\r\n<td>\u00a0<\/td>\r\n<\/tr>\r\n<tr valign=\"top\">\r\n<td>2006 &#8211; 2007<\/td>\r\n<td>Member of the SPIE Symposia Committee<\/td>\r\n<td>\u00a0<\/td>\r\n<\/tr>\r\n<tr valign=\"top\">\r\n<td>2005 &#8211; 2008<\/td>\r\n<td>Deputy Rector for Scientific Affairs, the Military University of Technology, Warsaw, Poland<\/td>\r\n<td>\u00a0<\/td>\r\n<\/tr>\r\n<tr valign=\"top\">\r\n<td style=\"text-align: center;\">2006<\/td>\r\n<td>Member of the SPIE Europe Advisory Charter<\/td>\r\n<td>\u00a0<\/td>\r\n<\/tr>\r\n<tr valign=\"top\">\r\n<td>2005 &#8211; 2010<\/td>\r\n<td>Member of the Management Committee UE COST Action 299 Optical Fibers for New Challenges Facing the Information Society &#8211; &#8220;FIDES&#8221;<\/td>\r\n<td>\u00a0<\/td>\r\n<\/tr>\r\n<tr valign=\"top\">\r\n<td>2004 &#8211; 2007<\/td>\r\n<td>Member of the SPIE Scholarship and Grants Committee<\/td>\r\n<td>\u00a0<\/td>\r\n<\/tr>\r\n<tr valign=\"top\">\r\n<td>2003 &#8211; 2008 2012 &#8211; 2020<\/td>\r\n<td>Member of the Senate of the Military University of Technology, Warsaw Poland<\/td>\r\n<td>\u00a0<\/td>\r\n<\/tr>\r\n<tr valign=\"top\">\r\n<td>\r\n<p>2003 &#8211; 2005 2008 &#8211; 2020<\/p>\r\n<\/td>\r\n<td>Director of the Institute of Applied Physics, the Military University of Technology, Warsaw, Poland<\/td>\r\n<td>\u00a0<\/td>\r\n<\/tr>\r\n<tr valign=\"top\">\r\n<td>2003 &#8211; 2008 1996 &#8211; 2000<\/td>\r\n<td>Vice-Chairman of the SPIE Polish Chapter<\/td>\r\n<td>\u00a0<\/td>\r\n<\/tr>\r\n<tr valign=\"top\">\r\n<td>2003 &#8211; 2019<\/td>\r\n<td>Member of Optoelectronics Section of the Electronics and Telecommunication Committee of Polish Academy of Sciences<\/td>\r\n<td>\u00a0<\/td>\r\n<\/tr>\r\n<tr valign=\"top\">\r\n<td>2001 &#8211; 2002<\/td>\r\n<td>Member of the Presidium of the SPIE Polish Chapter<\/td>\r\n<td>\u00a0<\/td>\r\n<\/tr>\r\n<tr valign=\"top\">\r\n<td>2000 &#8211; 2010<\/td>\r\n<td>Member of the International Editorial Advisory Board of the Opto-Electronics Review journal<\/td>\r\n<td>\u00a0<\/td>\r\n<\/tr>\r\n<tr valign=\"top\">\r\n<td>2000 &#8211;<\/td>\r\n<td>Professor of the Military University of Technology<\/td>\r\n<td>\u00a0<\/td>\r\n<\/tr>\r\n<tr valign=\"top\">\r\n<td>1996 &#8211; 2000<\/td>\r\n<td>Assistant Professor, Institute of Applied Physics, the Military University of Technology, Warsaw, Poland<\/td>\r\n<td>\u00a0<\/td>\r\n<\/tr>\r\n<tr valign=\"top\">\r\n<td>1996 &#8211;<\/td>\r\n<td>Member of Presidium of the Polish Committee of Optoelectronics, Head of Fiber Optic Sensor and Planar Waveguide Section<\/td>\r\n<td>\u00a0<\/td>\r\n<\/tr>\r\n<tr valign=\"top\">\r\n<td>1994 &#8211; 2002<\/td>\r\n<td>Head of the Physics Applications Division, Institute of Applied Physics, the Military University of Technology, Warsaw, Poland<\/td>\r\n<td>\u00a0<\/td>\r\n<\/tr>\r\n<tr valign=\"top\">\r\n<td>1990 &#8211; 1996<\/td>\r\n<td>Lecturer, Institute of Applied Physics, the Military University of Technology, Warsaw, Poland<\/td>\r\n<td>\u00a0<\/td>\r\n<\/tr>\r\n<tr valign=\"top\">\r\n<td>1984 &#8211; 1989<\/td>\r\n<td>Assistant, Institute of Applied Physics, the Military University of Technology, Warsaw, Poland<\/td>\r\n<td>\u00a0<\/td>\r\n<\/tr>\r\n<\/tbody>\r\n<\/table>\r\n<h2>Doctoral Supervisor<\/h2>\r\n<table border=\"0\" cellspacing=\"0\" cellpadding=\"3\">\r\n<tbody>\r\n<tr valign=\"top\">\r\n<td width=\"80\">\r\n<p>open: 18-04-2019<\/p>\r\n<\/td>\r\n<td>\r\n<p><strong>M.Sc. Natalia PRZYBYSZ<\/strong>: Otrzymywanie i badanie kompozyt\u00f3w z nanocz\u0105stkami z\u0142ota dla potrzeb przetwornik\u00f3w fotonicznych, <em>Faculty of New Technologies and Chemistry &#8211; the Military University of Technology<\/em><\/p>\r\n<\/td>\r\n<\/tr>\r\n<tr valign=\"top\">\r\n<td width=\"80\">14-03-2023<\/td>\r\n<td>\r\n<p><strong>DSc Aleksandra Dominika WALEWSKA (KALBARCZYK): <\/strong>Charakteryzacja innowacyjnych materia\u0142\u00f3w mezogenicznych dla kontroli w\u0142a\u015bciwo\u015bci wi\u0105zki \u015bwietlnej, <em>Council of Material Science Disciplne<\/em> <em>&#8211; the Military University of Technology (<\/em><strong>defense of thesis with distinction<\/strong><em>)<br \/><\/em><\/p>\r\n<\/td>\r\n<\/tr>\r\n<tr valign=\"top\">\r\n<td width=\"80\">9-03-2023<\/td>\r\n<td>\r\n<p><strong>DSc Joanna KOREC: <\/strong>Kszta\u0142towanie w\u0142a\u015bciwo\u015bci propagacyjnych wi\u0105zki \u015bwietlnej w hybrydowych elementach \u015bwiat\u0142owodowych na bazie cienkiego pokrycia metalicznego i warstwy ciek\u0142ego kryszta\u0142u, <em>Council of Material Science Disciplne &#8211; the Military University of Technology<\/em><\/p>\r\n<\/td>\r\n<\/tr>\r\n<tr valign=\"top\">\r\n<td width=\"80\">16-09-2021<\/td>\r\n<td><strong>DSc Joanna MO\u015a<\/strong>: Hybrydowe po\u0142\u0105czenie przew\u0119\u017cki \u015bwiat\u0142owodowej z materia\u0142em funkcjonalnym do sterowania w\u0142a\u015bciwo\u015bciami propagacji wi\u0105zki \u015bwiat\u0142a, <em>Faculty of New Technologies and Chemistry &#8211; the Military University of Technology<\/em><\/td>\r\n<\/tr>\r\n<tr valign=\"top\">\r\n<td width=\"80\">14-10-2020<\/td>\r\n<td><strong>DSc Renata ZAWISZA: <\/strong>Przetworniki wielko\u015bci fizyko-chemicznych na bazie d\u0142ugookresowych siatek \u015bwiat\u0142owodowych, <em>Council Of Material Science Disciplne- the Military University of Technology (<\/em><strong><span style=\"text-decoration: underline;\">defense o<\/span><\/strong><span style=\"text-decoration: underline;\"><strong>f thesis with deitinction<\/strong>)<\/span><em><br \/><\/em><\/td>\r\n<\/tr>\r\n<tr valign=\"top\">\r\n<td width=\"80\">04-10-2018<\/td>\r\n<td><strong>DSc Anna KURZYCH<\/strong>: Budowa i \u00a0badania czujnika \u015bwiat\u0142owodowego dla potrzeb sejsmologii rotacyjnej, <em>Institute of Optoelectronics &#8211; the Military University of Technology<\/em><\/td>\r\n<\/tr>\r\n<tr valign=\"top\">\r\n<td width=\"80\">10-10-2017<\/td>\r\n<td><strong>DSc Paulina PURA-PAWLIKOWSKA<\/strong>: Konwerter polimerowy do efektywnego \u0142\u0105czenia \u015bwiat\u0142owod\u00f3w, <em>Faculty of New Technologies and Chemistry &#8211; the Military University of Technology <\/em><span style=\"text-decoration: underline;\">(<strong>defense of thesis with distinction<\/strong>)<\/span><em><br \/><\/em><\/td>\r\n<\/tr>\r\n<tr valign=\"top\">\r\n<td>05-02-2015<\/td>\r\n<td><strong>DSc Zbigniew HO\u0141DY\u0143SKI:<\/strong> Badania w\u0142a\u015bciwo\u015bci dyspersyjnych projektowanych w\u0142\u00f3kien mikrostrukturalnych, <em>Faculty of New Technologies and Chemistry &#8211; the Military University of Technology <\/em><span style=\"text-decoration: underline;\">(<strong>defense of thesis with distinction<\/strong>)<\/span><em><br \/><\/em><\/td>\r\n<\/tr>\r\n<tr valign=\"top\">\r\n<td width=\"100\">08-08-2014<\/td>\r\n<td><strong>DSc Micha\u0142 MURAWSKI:<\/strong> Wytwarzanie zoptymalizowanych po\u0142\u0105cze\u0144 spawanych \u015bwiat\u0142owod\u00f3w specjalnych, <em>Faculty of New Technologies and Chemistry &#8211; the Military University of Technology<\/em><\/td>\r\n<\/tr>\r\n<tr valign=\"top\">\r\n<td>14-12-2010<\/td>\r\n<td><strong>DSc Karol STASIEWICZ: <\/strong>Wp\u0142yw przew\u0119\u017cenia w\u0142\u00f3kna na mo\u017cliwo\u015bci kszta\u0142towania warunk\u00f3w propagacji \u015bwiat\u0142a w wybranych elementach \u015bwiat\u0142owodowych, <em>Faculty of New Technologies and Chemistry &#8211; the Military University of Technology <\/em><span style=\"text-decoration: underline;\"> (<strong>defense of thesis with distinction<\/strong>)<\/span><em><br \/><\/em><\/td>\r\n<\/tr>\r\n<tr valign=\"top\">\r\n<td>07-12-2005<\/td>\r\n<td><strong>DSc Zbigniew KRAJEWSKI:<\/strong> \u015awiat\u0142owodowy interferometr Sagnaca jako uk\u0142ad do bada\u0144 efekt\u00f3w rotacyjnych zwi\u0105zanych ze zdarzeniami sejsmicznymi, <em>Faculty of Electronics &#8211; the Military University of Technology<\/em><\/td>\r\n<\/tr>\r\n<tr valign=\"top\">\r\n<td>30-11-2004<\/td>\r\n<td><strong>DSc Pawe\u0142 MAR\u0106: <\/strong>Analiza parametr\u00f3w polaryzacji wi\u0105zki \u015bwietlnej w systemie \u015bwiat\u0142owodowym, <em>Faculty of Electronics &#8211; the Military University of Technology <\/em> <span style=\"text-decoration: underline;\">(<strong>defense of thesis with distinction)<\/strong><\/span><em><br \/><\/em><\/td>\r\n<\/tr>\r\n<tr valign=\"top\">\r\n<td>05-12-2000<\/td>\r\n<td><strong>DSc Krzysztof A. CYRAN: <\/strong>Rozpoznawanie obraz\u00f3w z wykorzystaniem komputerowo generowanych hologram\u00f3w pe\u0142ni\u0105cych funkcj\u0119 detektora pier\u015bcieniowo-klinowego, <em>Faculty of Automatic, Electronics and Information &#8211; the Silesia University of Technology <\/em><span style=\"text-decoration: underline;\"><span style=\"text-decoration: underline;\">(<strong>defense of thesis with distinction<\/strong>)<\/span><\/span><em><br \/><\/em><\/td>\r\n<\/tr>\r\n<tr valign=\"top\">\r\n<td>12-04-2000<\/td>\r\n<td><strong>DSc Andrzej SZELMANOWSKI<\/strong>: Analiza przyczyn zaburze\u0144 pr\u0119dko\u015bci k\u0105towej wytwarzanej w stanowiskach wolnoobrotowych, <em>Air Force Institute of Technology<\/em> <span style=\"text-decoration: underline;\"><span style=\"text-decoration: underline;\">(<strong>defense of thesis with distinction<\/strong>)<\/span><\/span><em><br \/><\/em><\/td>\r\n<\/tr>\r\n<\/tbody>\r\n<\/table>\r\n<p><!--more--><\/p>\r\n","protected":false},"excerpt":{"rendered":"<p>Prof. Leszek R. Jaroszewicz Corresponding Member of the PAS PhD, D.Sc., Eng., SPIE Fellow Address: Military University of Technology,ul. gen. Sylwestra Kaliskiego 2, 00-908 Warsaw-49, Poland Telephone: +48-261 839 393, +48 603-399-968 E-mail: jarosz@wat.edu.pl,leszek@jaroszewicz.com Date of birth: May 24, 1959 Lublin, Poland Educational and Science Background 2020 Corresponding Member of the Polish Academy of Sciences [&hellip;]<\/p>\n","protected":false},"author":3,"featured_media":0,"parent":0,"menu_order":5,"comment_status":"closed","ping_status":"closed","template":"","meta":{"ngg_post_thumbnail":0,"footnotes":""},"class_list":["post-10","page","type-page","status-publish","hentry"],"_links":{"self":[{"href":"https:\/\/jaroszewicz.com\/index.php?rest_route=\/wp\/v2\/pages\/10","targetHints":{"allow":["GET"]}}],"collection":[{"href":"https:\/\/jaroszewicz.com\/index.php?rest_route=\/wp\/v2\/pages"}],"about":[{"href":"https:\/\/jaroszewicz.com\/index.php?rest_route=\/wp\/v2\/types\/page"}],"author":[{"embeddable":true,"href":"https:\/\/jaroszewicz.com\/index.php?rest_route=\/wp\/v2\/users\/3"}],"replies":[{"embeddable":true,"href":"https:\/\/jaroszewicz.com\/index.php?rest_route=%2Fwp%2Fv2%2Fcomments&post=10"}],"version-history":[{"count":75,"href":"https:\/\/jaroszewicz.com\/index.php?rest_route=\/wp\/v2\/pages\/10\/revisions"}],"predecessor-version":[{"id":1805,"href":"https:\/\/jaroszewicz.com\/index.php?rest_route=\/wp\/v2\/pages\/10\/revisions\/1805"}],"wp:attachment":[{"href":"https:\/\/jaroszewicz.com\/index.php?rest_route=%2Fwp%2Fv2%2Fmedia&parent=10"}],"curies":[{"name":"wp","href":"https:\/\/api.w.org\/{rel}","templated":true}]}}