{"id":1210,"date":"2020-01-05T20:08:10","date_gmt":"2020-01-05T19:08:10","guid":{"rendered":"http:\/\/leszek.jaroszewicz.com\/?page_id=1210"},"modified":"2020-01-18T18:25:58","modified_gmt":"2020-01-18T17:25:58","slug":"photonics-correlated-with-hydrogen-storage-2019-2016","status":"publish","type":"page","link":"https:\/\/jaroszewicz.com\/?page_id=1210","title":{"rendered":"Photonics correlated with hydrogen storage, 2019-2016"},"content":{"rendered":"<p>\n<!--StartFragment--><\/p>\n\n\n<ul class=\"wp-block-list\"><li><strong>(impact factor 1.385)<\/strong> M. Michalska-Doma\u0144ska, W. J. St\u0119pniowski, L. R. Jaroszewicz ?Characterization of nanopores arrangement of anodic alumina layers synthesized on low-(AA1050) and high-purity aluminum by two-step anodizing in sulfuric acid with addition of ethyleneglycol at low temperature?, <em>J. Porous Mat.,<\/em> <strong>24<\/strong>(3) (2016), 779-786, DOI:10.1007\/s10934-016-0316-7, &nbsp;<\/li><li><strong>(impact factor 3.205)<\/strong> A.J. Panas, B. Fikus, P. P\u0142atek, I. Kunce, K. Witek, P. Kuziora, A. Olejarczyk, S. Dyjak, M. Michalska-Doma\u0144ska, L. Jaroszewicz, M. Polanski ?Pressurised-cell test stand with oscillating heating for investigation heat transfer phenomena in metal hydride beds?, <em>Int. J. Hydrogen Energ<\/em>., <strong>41<\/strong> (2016), 16974-16983, <a href=\"http:\/\/dx.doi.org\/10.1016\/j.ijhydene.2016.07.201\">http:\/\/dx.doi.org\/10.1016\/j.ijhydene.2016.07.201<\/a><\/li><\/ul>\n\n\n\n<h3 class=\"wp-block-heading\">Patents:<\/h3>\n\n\n\n<ul class=\"wp-block-list\"><li>R. \u0141yszkowski, M. Pola\u0144ski, J. Bystrzycki, L.R. Jaroszewicz ?Wielokomorowy cylinder do rozdrabniania i mechanicznej syntezy proszk\u00f3w stopowych w m\u0142ynkach planetarnych?, <strong>PL 221948 B1, <\/strong>30-06-2016 <\/li><li>L. R. Jaroszewicz, A. J. Panas, M. Pola\u0144ski, P. Patek, S. Dyjak, I. Kunce, M. Michalska-Doma\u0144ska, B. Fikus, K. Witek, P. Kusiora, A. Olejarczyk ?Spos\u00f3b intensyfikacji szybko\u015bci absorpcji i desorpcji wodoru?, <strong>PL 231933 B1<\/strong>, 40-04-2019<\/li><\/ul>\n\n\n<p><!--EndFragment--><\/p>","protected":false},"excerpt":{"rendered":"<p>(impact factor 1.385) M. Michalska-Doma\u0144ska, W. J. St\u0119pniowski, L. R. Jaroszewicz ?Characterization of nanopores arrangement of anodic alumina layers synthesized on low-(AA1050) and high-purity aluminum by two-step anodizing in sulfuric acid with addition of ethyleneglycol at low temperature?, J. Porous Mat., 24(3) (2016), 779-786, DOI:10.1007\/s10934-016-0316-7, &nbsp; (impact factor 3.205) A.J. Panas, B. Fikus, P. P\u0142atek, [&hellip;]<\/p>\n","protected":false},"author":1,"featured_media":0,"parent":0,"menu_order":0,"comment_status":"closed","ping_status":"closed","template":"","meta":{"ngg_post_thumbnail":0,"footnotes":""},"class_list":["post-1210","page","type-page","status-publish","hentry"],"_links":{"self":[{"href":"https:\/\/jaroszewicz.com\/index.php?rest_route=\/wp\/v2\/pages\/1210","targetHints":{"allow":["GET"]}}],"collection":[{"href":"https:\/\/jaroszewicz.com\/index.php?rest_route=\/wp\/v2\/pages"}],"about":[{"href":"https:\/\/jaroszewicz.com\/index.php?rest_route=\/wp\/v2\/types\/page"}],"author":[{"embeddable":true,"href":"https:\/\/jaroszewicz.com\/index.php?rest_route=\/wp\/v2\/users\/1"}],"replies":[{"embeddable":true,"href":"https:\/\/jaroszewicz.com\/index.php?rest_route=%2Fwp%2Fv2%2Fcomments&post=1210"}],"version-history":[{"count":2,"href":"https:\/\/jaroszewicz.com\/index.php?rest_route=\/wp\/v2\/pages\/1210\/revisions"}],"predecessor-version":[{"id":1292,"href":"https:\/\/jaroszewicz.com\/index.php?rest_route=\/wp\/v2\/pages\/1210\/revisions\/1292"}],"wp:attachment":[{"href":"https:\/\/jaroszewicz.com\/index.php?rest_route=%2Fwp%2Fv2%2Fmedia&parent=1210"}],"curies":[{"name":"wp","href":"https:\/\/api.w.org\/{rel}","templated":true}]}}