{"id":581,"date":"2013-11-03T12:04:33","date_gmt":"2013-11-03T11:04:33","guid":{"rendered":"https:\/\/jaroszewicz.com\/?page_id=581"},"modified":"2025-11-23T18:46:15","modified_gmt":"2025-11-23T17:46:15","slug":"winter-semester-20132014","status":"publish","type":"page","link":"https:\/\/jaroszewicz.com\/?page_id=581","title":{"rendered":"Lecture since 2nd semester 2022\/2023"},"content":{"rendered":"<div style=\"width: 100%; height: 650px; overflow: auto;\">\r\n<table style=\"width: 100%;\" border=\"0\" cellspacing=\"0\" cellpadding=\"3\">\r\n<tbody>\r\n<tr valign=\"top\">\r\n<td colspan=\"4\"><span style=\"font-size: 20px;\"><strong>General Physics &#8211; Part I <br \/><\/strong><\/span><\/td>\r\n<\/tr>\r\n<tr valign=\"top\">\r\n<td style=\"text-align: right;\"><strong>1<\/strong><\/td>\r\n<td style=\"width: 200px;\">Kanon Fizyki wyklad 01<\/td>\r\n<td style=\"width: 100px;\"><a href=\"https:\/\/jaroszewicz.com\/wp-content\/uploads\/2024\/03\/NKF_01_Wprowadzenie-do-przedmiotu.pdf\"><strong>NKF01<\/strong><\/a><\/td>\r\n<td><a href=\"https:\/\/jaroszewicz.com\/wp-content\/uploads\/2024\/03\/NKF_01_Wprowadzenie-do-przedmiotu.pdf\">Wprowadzenie do przedmiotu<\/a>\u00a0\u00a0\u00a0<\/td>\r\n<\/tr>\r\n<tr valign=\"top\">\r\n<td style=\"text-align: right;\"><strong>2<\/strong><\/td>\r\n<td>Kanon Fizyki wyklad 02<\/td>\r\n<td><strong>NKF02<\/strong><\/td>\r\n<td style=\"text-align: left;\"><a href=\"https:\/\/jaroszewicz.com\/wp-content\/uploads\/2024\/03\/NKF_02_Wektory.pdf\">Wektory i skalary w fizyce<\/a><\/td>\r\n<\/tr>\r\n<tr valign=\"top\">\r\n<td style=\"text-align: right;\"><strong>3<\/strong><\/td>\r\n<td>Kanon Fizyki wyklad 03<\/td>\r\n<td><strong>NKF03<\/strong><\/td>\r\n<td><a href=\"https:\/\/jaroszewicz.com\/wp-content\/uploads\/2024\/03\/NKF_03_Kinematyka-punktu-materialnego.pdf\">Kinematyka punktu materialnego<\/a><\/td>\r\n<\/tr>\r\n<tr valign=\"top\">\r\n<td style=\"text-align: right;\"><strong>4<\/strong><\/td>\r\n<td>Kanon Fizyki wyklad 04<\/td>\r\n<td><strong>NKF04<\/strong><\/td>\r\n<td><a href=\"https:\/\/jaroszewicz.com\/wp-content\/uploads\/2023\/03\/NKF_04_Ruch-krzywoliniowy.pdf\">Ruch krzywoliniowy<\/a><\/td>\r\n<\/tr>\r\n<tr valign=\"top\">\r\n<td style=\"text-align: right;\"><strong>5<\/strong><\/td>\r\n<td>Kanon Fizyki wyklad 05<\/td>\r\n<td><strong>NKF05<\/strong><\/td>\r\n<td><a href=\"https:\/\/jaroszewicz.com\/wp-content\/uploads\/2023\/03\/NKF_05_Dynamika-punktu-materialnego.pdf\">Dynamika punktu materialnego<\/a><\/td>\r\n<\/tr>\r\n<tr valign=\"top\">\r\n<td style=\"text-align: right;\"><strong>6<\/strong><\/td>\r\n<td>Kanon Fizyki wyklad 06<\/td>\r\n<td><strong>NKF06<\/strong><\/td>\r\n<td><a href=\"https:\/\/jaroszewicz.com\/wp-content\/uploads\/2023\/03\/NKF_06_Praca-i-energia.pdf\">Praca i energia<\/a><\/td>\r\n<\/tr>\r\n<tr valign=\"top\">\r\n<td style=\"text-align: right;\"><strong>7<\/strong><\/td>\r\n<td>Kanon Fizyki wyklad 07<\/td>\r\n<td><strong>NKF07<\/strong><\/td>\r\n<td><a href=\"https:\/\/jaroszewicz.com\/wp-content\/uploads\/2023\/04\/NKF_07_Niezmienniczosc-Galileusza.pdf\">Niezmienniczo\u015b\u0107 Galileusza<\/a><\/td>\r\n<\/tr>\r\n<tr valign=\"top\">\r\n<td style=\"text-align: right;\"><strong>8<\/strong><\/td>\r\n<td>Kanon Fizyki wyklad 08<\/td>\r\n<td><strong>NKF08<\/strong><\/td>\r\n<td><a href=\"https:\/\/jaroszewicz.com\/wp-content\/uploads\/2023\/04\/NKF_08_Dynamika-Bryly-Sztywnej.pdf\">Dynamika bry\u0142y sztywnej<\/a><\/td>\r\n<\/tr>\r\n<tr valign=\"top\">\r\n<td style=\"text-align: right;\"><strong>9<\/strong><\/td>\r\n<td>Kanon Fizyki wyklad 09<\/td>\r\n<td><strong>NKF09<\/strong><\/td>\r\n<td><a href=\"https:\/\/jaroszewicz.com\/wp-content\/uploads\/2023\/05\/NKF_09_Zasady-Zachowania-w-Mechanice.pdf\">Zasady zachowania w mechanice<\/a><\/td>\r\n<\/tr>\r\n<tr valign=\"top\">\r\n<td style=\"text-align: right;\"><strong>10<\/strong><\/td>\r\n<td>Kanon Fizyki wyklad 10<\/td>\r\n<td><strong>NKF10<\/strong><\/td>\r\n<td><a href=\"https:\/\/jaroszewicz.com\/wp-content\/uploads\/2023\/05\/NKF_10_Pola-Zachowawcze-pole-grawitacyjne.pdf\">Pola zachowawcze &#8211; pole grawitacyjne<\/a><\/td>\r\n<\/tr>\r\n<tr valign=\"top\">\r\n<td style=\"text-align: right;\"><strong>11<\/strong><\/td>\r\n<td>Kanon Fizyki wyklad 11<\/td>\r\n<td><strong>NKF11<\/strong><\/td>\r\n<td><a href=\"https:\/\/jaroszewicz.com\/wp-content\/uploads\/2023\/05\/NKF_11_Fizyka-Relatywistyczna-transformacje-Lorentza.pdf\">Fizyka relatywistyczna &#8211; transformacje Lorentza<\/a><\/td>\r\n<\/tr>\r\n<tr valign=\"top\">\r\n<td style=\"text-align: right;\"><strong>12<\/strong><\/td>\r\n<td>Kanon Fizyki wyklad 12<\/td>\r\n<td><strong>NKF12<\/strong><\/td>\r\n<td><a href=\"https:\/\/jaroszewicz.com\/wp-content\/uploads\/2023\/05\/NKF_12_Dynamika-Relatywistyczna.pdf\">Dynamika relatywistyczna (OTW)<\/a><\/td>\r\n<\/tr>\r\n<tr valign=\"top\">\r\n<td style=\"text-align: right;\"><strong>13<\/strong><\/td>\r\n<td>Kanon Fizyki wyklad 13<\/td>\r\n<td><strong>NKF13<\/strong><\/td>\r\n<td><a href=\"https:\/\/jaroszewicz.com\/wp-content\/uploads\/2023\/05\/NKF_13_Drgania-swobodne.pdf\">Drgania swobodne<\/a><\/td>\r\n<\/tr>\r\n<tr valign=\"top\">\r\n<td style=\"text-align: right;\"><strong>14<\/strong><\/td>\r\n<td>Kanon Fizyki wyklad 14<\/td>\r\n<td><strong>NKF14<\/strong><\/td>\r\n<td><a href=\"https:\/\/jaroszewicz.com\/wp-content\/uploads\/2023\/05\/NKF_14_Drgania-wymuszone.pdf\">Harmoniczne drgania nieswobodne<\/a><\/td>\r\n<\/tr>\r\n<tr valign=\"top\">\r\n<td style=\"text-align: right;\"><strong>15<\/strong><\/td>\r\n<td>Kanon Fizyki wyklad 15<\/td>\r\n<td><strong>NKF15<br \/><\/strong><\/td>\r\n<td><a href=\"https:\/\/jaroszewicz.com\/wp-content\/uploads\/2023\/06\/NKF_15_Pole-elektryczne-w-prozni.pdf\">Pole elektryczne w pr\u00f3\u017cni<\/a><\/td>\r\n<\/tr>\r\n<tr valign=\"top\">\r\n<td style=\"text-align: right;\"><strong>16<\/strong><\/td>\r\n<td>Kanon Fizyki wyklad 16<\/td>\r\n<td><strong>NKF16<\/strong><\/td>\r\n<td><a href=\"https:\/\/jaroszewicz.com\/wp-content\/uploads\/2023\/06\/NKF_16_Pole-elektryczne-w-osrodkach.pdf\">Pole elektryczne w o\u015brodkach<\/a><\/td>\r\n<\/tr>\r\n<tr valign=\"top\">\r\n<td style=\"text-align: right;\"><strong>17<\/strong><\/td>\r\n<td>Kanon Fizyki wyklad 17<\/td>\r\n<td><strong>NKF17<\/strong><\/td>\r\n<td><a href=\"https:\/\/jaroszewicz.com\/wp-content\/uploads\/2023\/06\/NKF_17_Prad-elektryczny.pdf\">Pr\u0105d elektryczny<\/a><\/td>\r\n<\/tr>\r\n<tr valign=\"top\">\r\n<td style=\"text-align: right;\"><strong>18<\/strong><\/td>\r\n<td>Kanon Fizyki wyklad 18<\/td>\r\n<td><strong>NKF18<\/strong><\/td>\r\n<td><a href=\"https:\/\/jaroszewicz.com\/wp-content\/uploads\/2023\/06\/NKF_18_Pole-Magnetyczne-Stale.pdf\">Pole magnetyczne pr\u0105d\u00f3w sta\u0142ych<\/a><\/td>\r\n<\/tr>\r\n<tr valign=\"top\">\r\n<td style=\"text-align: right;\"><strong>19<\/strong><\/td>\r\n<td>Kanon Fizyki wyklad 19<\/td>\r\n<td><strong>NKF19<\/strong><\/td>\r\n<td><a href=\"https:\/\/jaroszewicz.com\/wp-content\/uploads\/2023\/06\/NKF_19_Magnetyzm-materii.pdf\">Magnetyzm materii<\/a><\/td>\r\n<\/tr>\r\n<tr valign=\"top\">\r\n<td style=\"text-align: right;\"><strong>20<\/strong><\/td>\r\n<td>Kanon Fizyki wyklad 20<\/td>\r\n<td><strong>NKF20<\/strong><\/td>\r\n<td><a href=\"https:\/\/jaroszewicz.com\/wp-content\/uploads\/2023\/06\/NKF_20_Indukcja-Elektromagnetyczna.pdf\">Indukcja elektromagnetyczna<\/a><\/td>\r\n<\/tr>\r\n<tr valign=\"top\">\r\n<td style=\"text-align: right;\">\u00a0<\/td>\r\n<td>Kanon Fizyki<\/td>\r\n<td><strong>EGZAMIN<\/strong><\/td>\r\n<td><a href=\"https:\/\/jaroszewicz.com\/wp-content\/uploads\/2022\/11\/WTC_Kanon1_New_Pytania.pdf\">Zestaw pyta\u0144 cz\u0119\u015bci ustnej<\/a><\/td>\r\n<\/tr>\r\n<tr valign=\"top\">\r\n<td colspan=\"4\"><span style=\"font-size: 20px;\"><strong>General Physics &#8211; Part II<\/strong><\/span><\/td>\r\n<\/tr>\r\n<tr valign=\"top\">\r\n<td style=\"text-align: right;\"><strong>1<\/strong><\/td>\r\n<td style=\"width: 120px;\">Kanon Fizyki wyklad 21<\/td>\r\n<td style=\"width: 30px;\"><strong>NKF21<\/strong><\/td>\r\n<td><a href=\"https:\/\/jaroszewicz.com\/wp-content\/uploads\/2025\/10\/NKF_21_Obwody-Pradow-Zmiennych.pdf\">Obwody pr\u0105d\u00f3w zmiennych<\/a><\/td>\r\n<\/tr>\r\n<tr valign=\"top\">\r\n<td style=\"text-align: right;\"><strong>2<\/strong><\/td>\r\n<td>Kanon Fizyki wyklad 22<\/td>\r\n<td style=\"width: 30px;\"><strong>NKF22<\/strong><\/td>\r\n<td><a href=\"https:\/\/jaroszewicz.com\/wp-content\/uploads\/2025\/10\/NKF_22_Ruch-falowy.pdf\">Ruch falowy<\/a><\/td>\r\n<\/tr>\r\n<tr valign=\"top\">\r\n<td style=\"text-align: right;\"><strong>3<\/strong><\/td>\r\n<td>Kanon Fizyki wyklad 23<\/td>\r\n<td style=\"width: 30px;\"><strong>NKF23<\/strong><\/td>\r\n<td><a href=\"https:\/\/jaroszewicz.com\/wp-content\/uploads\/2025\/10\/NKF_23_Fale-Elektromagnetyczne.pdf\">Fale elektromagnetyczne<\/a><\/td>\r\n<\/tr>\r\n<tr valign=\"top\">\r\n<td style=\"text-align: right;\"><strong>4<\/strong><\/td>\r\n<td>Kanon Fizyki wyklad 24<\/td>\r\n<td style=\"width: 30px;\"><strong>NKF24<\/strong><\/td>\r\n<td><a href=\"https:\/\/jaroszewicz.com\/wp-content\/uploads\/2025\/10\/NKF_24_Optyka-falowa.pdf\">Optyka falowa<\/a><\/td>\r\n<\/tr>\r\n<tr valign=\"top\">\r\n<td style=\"text-align: right;\"><strong>5<\/strong><\/td>\r\n<td>Kanon Fizyki wyklad 25<\/td>\r\n<td style=\"width: 30px;\"><strong>NKF25<\/strong><\/td>\r\n<td><a href=\"https:\/\/jaroszewicz.com\/wp-content\/uploads\/2025\/11\/NKF_25_Optyka-geometryczna.pdf\">Optyka geometryczna<\/a><\/td>\r\n<\/tr>\r\n<tr valign=\"top\">\r\n<td style=\"text-align: right;\"><strong>6<\/strong><\/td>\r\n<td>Kanon Fizyki wyklad 25<\/td>\r\n<td style=\"width: 30px;\"><strong>NKF26<\/strong><\/td>\r\n<td><a href=\"https:\/\/jaroszewicz.com\/wp-content\/uploads\/2025\/11\/NKF_26_Dualizm-Korpuskularno-falowy.pdf\">Dualizm korpuskularno-falowy<\/a><\/td>\r\n<\/tr>\r\n<tr valign=\"top\">\r\n<td style=\"text-align: right;\"><strong>7<\/strong><\/td>\r\n<td>Kanon Fizyki wyklad 25<\/td>\r\n<td style=\"width: 30px;\"><strong>NKF27<\/strong><\/td>\r\n<td><a href=\"https:\/\/jaroszewicz.com\/wp-content\/uploads\/2025\/11\/NKF_27_Falowa-natura-materii.pdf\">Falowa natura materii<\/a><\/td>\r\n<\/tr>\r\n<tr valign=\"top\">\r\n<td style=\"text-align: right;\"><strong>8<\/strong><\/td>\r\n<td>Kanon Fizyki wyklad 25<\/td>\r\n<td style=\"width: 30px;\"><strong>NKF28<\/strong><\/td>\r\n<td><a href=\"https:\/\/jaroszewicz.com\/wp-content\/uploads\/2025\/11\/NKF_28_Fizyka-kwantowa.pdf\">Fizyka kwantowa<\/a><\/td>\r\n<\/tr>\r\n<tr valign=\"top\">\r\n<td style=\"text-align: right;\"><strong>9<\/strong><\/td>\r\n<td>Kanon Fizyki wyklad 25<\/td>\r\n<td style=\"width: 30px;\"><strong>NKF29<\/strong><\/td>\r\n<td><a href=\"https:\/\/jaroszewicz.com\/wp-content\/uploads\/2022\/12\/NKF_29_Rownanie-Schrodingera.pdf\">R\u00f3wnanie Schr\u00f6dingera<\/a><\/td>\r\n<\/tr>\r\n<tr valign=\"top\">\r\n<td style=\"text-align: right;\"><strong>10<\/strong><\/td>\r\n<td>Kanon Fizyki wyklad 25<\/td>\r\n<td style=\"width: 30px;\"><strong>NKF30<\/strong><\/td>\r\n<td><a href=\"https:\/\/jaroszewicz.com\/wp-content\/uploads\/2023\/11\/NKF_30_Kwantowa-teoria-atomow.pdf\">Kwantowa teoria atom\u00f3w<\/a><\/td>\r\n<\/tr>\r\n<tr valign=\"top\">\r\n<td style=\"text-align: right;\"><strong>11<\/strong><\/td>\r\n<td>Kanon Fizyki wyklad 26<\/td>\r\n<td style=\"width: 30px;\"><strong>NKF31<\/strong><\/td>\r\n<td><a href=\"https:\/\/jaroszewicz.com\/wp-content\/uploads\/2022\/12\/NKF_31_Termodynamika.pdf\">Termodynamika<\/a><\/td>\r\n<\/tr>\r\n<tr valign=\"top\">\r\n<td style=\"text-align: right;\"><strong>12<\/strong><\/td>\r\n<td>Kanon Fizyki wyklad 27<\/td>\r\n<td style=\"width: 30px;\"><strong>NKF32<\/strong><\/td>\r\n<td><a href=\"https:\/\/jaroszewicz.com\/wp-content\/uploads\/2023\/01\/NKF_32_Elementy-fizyki-statystycznej.pdf\">Elementy fizyki statystycznej<\/a><\/td>\r\n<\/tr>\r\n<tr valign=\"top\">\r\n<td style=\"text-align: right;\"><strong>13<\/strong><\/td>\r\n<td>Kanon Fizyki wyklad 28<\/td>\r\n<td style=\"width: 30px;\"><strong>NKF33<\/strong><\/td>\r\n<td><a href=\"https:\/\/jaroszewicz.com\/wp-content\/uploads\/2023\/12\/NKF_33_Podstawy-Fizyki-Ciala-Stalego.pdf\">Podstawy fizyki cia\u0142a sta\u0142ego<\/a><\/td>\r\n<\/tr>\r\n<tr valign=\"top\">\r\n<td style=\"text-align: right;\"><strong>14<\/strong><\/td>\r\n<td>Kanon Fizyki wyklad 29<\/td>\r\n<td style=\"width: 30px;\"><strong>NKF34<\/strong><\/td>\r\n<td><a href=\"https:\/\/jaroszewicz.com\/wp-content\/uploads\/2023\/12\/NKF_34_Polprzewodniki.pdf\">P\u00f3\u0142przewodniki<\/a><\/td>\r\n<\/tr>\r\n<tr valign=\"top\">\r\n<td style=\"text-align: right;\"><strong>15<\/strong><\/td>\r\n<td>Kanon Fizyki wyklad 30<\/td>\r\n<td style=\"width: 30px;\"><strong>NKF35<\/strong><\/td>\r\n<td><a href=\"https:\/\/jaroszewicz.com\/wp-content\/uploads\/2023\/01\/NKF_35_Podstawy-Fizyki-Jadrowej.pdf\">Podstawy fizyki j\u0105drowej<\/a><\/td>\r\n<\/tr>\r\n<tr valign=\"top\">\r\n<td style=\"text-align: right;\">\u00a0<\/td>\r\n<td>Kanon Fizyki<\/td>\r\n<td style=\"width: 30px;\"><strong>EGZAMIN<\/strong><\/td>\r\n<td><a href=\"https:\/\/jaroszewicz.com\/wp-content\/uploads\/2022\/12\/WTC_Kanon2_-new_Pytania.pdf\">Zestaw pyta\u0144 cz\u0119\u015bci ustnej<\/a><\/td>\r\n<\/tr>\r\n<tr valign=\"top\">\r\n<td colspan=\"4\"><span style=\"font-size: 20px;\"><strong>General Physics &#8211; Part III<\/strong><\/span><\/td>\r\n<\/tr>\r\n<tr valign=\"top\">\r\n<td style=\"text-align: right;\"><strong>1<\/strong><\/td>\r\n<td>\r\n<p>Fizyka 3 wyk\u0142ad 01<\/p>\r\n<\/td>\r\n<td><strong>K3-01<\/strong><\/td>\r\n<td>Mechanika klasyczna a relatywistyczna<\/td>\r\n<\/tr>\r\n<tr valign=\"top\">\r\n<td style=\"text-align: right;\"><strong>2<\/strong><\/td>\r\n<td>\r\n<p>Fizyka 3 wyk\u0142ad 02<\/p>\r\n<\/td>\r\n<td><strong>K3-02<\/strong><\/td>\r\n<td>Si\u0142y czy pola<\/td>\r\n<\/tr>\r\n<tr valign=\"top\">\r\n<td style=\"text-align: right;\"><strong>3<\/strong><\/td>\r\n<td>\r\n<p>Fizyka 3 wyk\u0142ad 03<\/p>\r\n<\/td>\r\n<td><strong>K3-03<\/strong><\/td>\r\n<td>Drgania a ruch falowy<\/td>\r\n<\/tr>\r\n<tr valign=\"top\">\r\n<td style=\"text-align: right;\"><strong>4<\/strong><\/td>\r\n<td>\r\n<p>Fizyka 3 wyk\u0142ad 04<\/p>\r\n<\/td>\r\n<td><strong>K3-04<\/strong><\/td>\r\n<td>Fale elektromagnetyczne &#8211; istota, opis<\/td>\r\n<\/tr>\r\n<tr valign=\"top\">\r\n<td style=\"text-align: right;\"><strong>5<\/strong><\/td>\r\n<td>\r\n<p>Fizyka 3 wyk\u0142ad 05<\/p>\r\n<\/td>\r\n<td><strong>K3-05<\/strong><\/td>\r\n<td><a href=\"https:\/\/jaroszewicz.com\/wp-content\/uploads\/2020\/04\/F3_05_Monochromatycznoi\u015b\u0107-a-sp\u00f3jno\u015b\u0107-i-polaryzacja.pdf\">Monochromatyczno\u015b\u0107, sp\u00f3jno\u015b\u0107, polaryzacja<\/a><\/td>\r\n<\/tr>\r\n<tr valign=\"top\">\r\n<td style=\"text-align: right;\"><strong>6<\/strong><\/td>\r\n<td>\r\n<p>Fizyka 3 wyk\u0142ad 06<\/p>\r\n<\/td>\r\n<td><strong>K3-06<\/strong><\/td>\r\n<td><a href=\"https:\/\/jaroszewicz.com\/wp-content\/uploads\/2020\/05\/F3_06_Interferencja-czy-dyfrakcja-3.pdf\">Interferencja a\/czy dyfrakcja<\/a><\/td>\r\n<\/tr>\r\n<tr valign=\"top\">\r\n<td style=\"text-align: right;\"><strong>7<\/strong><\/td>\r\n<td>\r\n<p>Fizyka 3 wyk\u0142ad 07<\/p>\r\n<\/td>\r\n<td><strong>K3-07<\/strong><\/td>\r\n<td><a href=\"https:\/\/jaroszewicz.com\/wp-content\/uploads\/2020\/05\/F3_07_Dualizm-kwantowo-klasyczny.pdf\">Dualizm kwantowo-klasyczny<\/a><\/td>\r\n<\/tr>\r\n<tr valign=\"top\">\r\n<td style=\"text-align: right;\"><strong>8<\/strong><\/td>\r\n<td>\r\n<p>Fizyka 3 wyk\u0142ad 08<\/p>\r\n<\/td>\r\n<td><strong>K3-08<\/strong><\/td>\r\n<td>\r\n<p><a href=\"https:\/\/jaroszewicz.com\/wp-content\/uploads\/2020\/06\/F3_08_Fala-w-ujeciu-kwantowym.pdf\">Fala w uj\u0119ciu kwantowym<\/a><\/p>\r\n<\/td>\r\n<\/tr>\r\n<tr valign=\"top\">\r\n<td colspan=\"4\"><span style=\"font-size: 20px;\"><strong>Nietelekomunikacyjne Aplikacje \u015awiat\u0142owod\u00f3w: elementy, technologie, czujniki<\/strong><\/span><\/td>\r\n<\/tr>\r\n<tr valign=\"top\">\r\n<td style=\"text-align: right;\"><strong>1<\/strong><\/td>\r\n<td>\r\n<p>\u00a0NAS wyk\u0142ad 01<\/p>\r\n<\/td>\r\n<td><strong>NAS-01<\/strong><\/td>\r\n<td><a href=\"https:\/\/jaroszewicz.com\/wp-content\/uploads\/2020\/04\/NZS1-TCS_ang.pdf\">Guidlines for Use OFS<\/a><\/td>\r\n<\/tr>\r\n<tr valign=\"top\">\r\n<td style=\"text-align: right;\"><strong>2<\/strong><\/td>\r\n<td>\r\n<p>NAS wyk\u0142ad 02<\/p>\r\n<\/td>\r\n<td><strong>NAS-02<\/strong><\/td>\r\n<td><a href=\"https:\/\/jaroszewicz.com\/wp-content\/uploads\/2021\/03\/NAS2-ISC_ang.pdf\">Fiber Optic Interferometry<\/a><\/td>\r\n<\/tr>\r\n<tr valign=\"top\">\r\n<td style=\"text-align: right;\"><strong>3<\/strong><\/td>\r\n<td>\r\n<p>NAS wyk\u0142ad 03<\/p>\r\n<\/td>\r\n<td><strong>NAS-03<\/strong><\/td>\r\n<td><a href=\"https:\/\/jaroszewicz.com\/wp-content\/uploads\/2020\/05\/NZS3-OPF.pdf\">Optyczne przetworniki fazowe<\/a><\/td>\r\n<\/tr>\r\n<tr valign=\"top\">\r\n<td style=\"text-align: right;\"><strong>4<\/strong><\/td>\r\n<td>\r\n<p>NAS wyk\u0142ad 04<\/p>\r\n<\/td>\r\n<td><strong>NAS-04<\/strong><\/td>\r\n<td><a href=\"https:\/\/jaroszewicz.com\/wp-content\/uploads\/2021\/04\/NAS4-ZZCP.pdf\">Zasady zwielokrotnienia czujnik\u00f3w punktowych<\/a><\/td>\r\n<\/tr>\r\n<tr valign=\"top\">\r\n<td style=\"text-align: right;\"><strong>5<\/strong><\/td>\r\n<td>\r\n<p>NAS wyk\u0142ad 05<\/p>\r\n<\/td>\r\n<td><strong>NAS-05<\/strong><\/td>\r\n<td><a href=\"https:\/\/jaroszewicz.com\/wp-content\/uploads\/2021\/04\/NAS5-FOG1.pdf\">Fibre Optic Gyroscope<\/a><\/td>\r\n<\/tr>\r\n<tr valign=\"top\">\r\n<td style=\"text-align: right;\"><strong>6<\/strong><\/td>\r\n<td>\r\n<p>NAS wyk\u0142ad 06<\/p>\r\n<\/td>\r\n<td><strong>NAS-06<\/strong><\/td>\r\n<td><a href=\"https:\/\/jaroszewicz.com\/wp-content\/uploads\/2021\/05\/NAS6-FORS-idea.pdf\">FOSREM &#8211; idea<\/a><\/td>\r\n<\/tr>\r\n<tr valign=\"top\">\r\n<td style=\"text-align: right;\"><strong>7<\/strong><\/td>\r\n<td>\r\n<p>NAS wyk\u0142ad 07<\/p>\r\n<\/td>\r\n<td><strong>NAS-07<\/strong><\/td>\r\n<td><a href=\"https:\/\/jaroszewicz.com\/wp-content\/uploads\/2020\/05\/NAS6-FOSREM.pdf\">FOSREM &#8211; realization<\/a><\/td>\r\n<\/tr>\r\n<tr valign=\"top\">\r\n<td colspan=\"4\"><span style=\"font-size: 20px;\"><strong>Nietelekomunikacyjne Zastosowania \u015awiat\u0142owod\u00f3w &#8211; szko\u0142a doktorska<br \/><\/strong><\/span><\/td>\r\n<\/tr>\r\n<tr valign=\"top\">\r\n<td style=\"text-align: right;\"><strong>1<\/strong><\/td>\r\n<td>NZS wyk\u0142ad 01<\/td>\r\n<td><strong>NZS-01<\/strong><\/td>\r\n<td><a href=\"https:\/\/jaroszewicz.com\/wp-content\/uploads\/2022\/10\/01_TCS.pdf\">Terminologia czujnik\u00f3w \u015bwiat\u0142owodowych<\/a><\/td>\r\n<\/tr>\r\n<tr valign=\"top\">\r\n<td style=\"text-align: right;\"><strong>2<\/strong><\/td>\r\n<td>NZS wyk\u0142ad 02<\/td>\r\n<td><strong>NZS-02<\/strong><\/td>\r\n<td>\r\n<p><a href=\"https:\/\/jaroszewicz.com\/wp-content\/uploads\/2022\/10\/02_IS-PP.pdf\">Interferometry \u015bwiat\u0142owodowe &#8211; podstawy<\/a><\/p>\r\n<\/td>\r\n<\/tr>\r\n<tr valign=\"top\">\r\n<td style=\"text-align: right;\"><strong>3<\/strong><\/td>\r\n<td>NZS wyk\u0142ad 03<\/td>\r\n<td><strong>NZS-03<\/strong><\/td>\r\n<td><a href=\"https:\/\/jaroszewicz.com\/wp-content\/uploads\/2022\/10\/03_OPSI.pdf\">Interferometry \u015bwiat\u0142owodowe &#8211; obr\u00f3bka optyczna<\/a><\/td>\r\n<\/tr>\r\n<tr valign=\"top\">\r\n<td style=\"text-align: right;\"><strong>4<\/strong><\/td>\r\n<td>NZS wyk\u0142ad 04<\/td>\r\n<td><strong>NZS-04<\/strong><\/td>\r\n<td><a href=\"https:\/\/jaroszewicz.com\/wp-content\/uploads\/2022\/10\/04_EPSO.pdf\">Interferometry \u015bwiat\u0142owodowe &#8211; obr\u00f3bka elektroniczna<\/a><\/td>\r\n<\/tr>\r\n<tr valign=\"top\">\r\n<td style=\"text-align: right;\"><strong>5<\/strong><\/td>\r\n<td>NZS wyk\u0142ad 05<\/td>\r\n<td><strong>NZS-05<\/strong><\/td>\r\n<td><a href=\"https:\/\/jaroszewicz.com\/wp-content\/uploads\/2022\/10\/05_OPF.pdf\">Optyczne przetworniki fazowe<\/a><\/td>\r\n<\/tr>\r\n<tr valign=\"top\">\r\n<td style=\"text-align: right;\"><strong>6<\/strong><\/td>\r\n<td>NZS wyk\u0142ad 06<\/td>\r\n<td><strong>NZS-06<\/strong><\/td>\r\n<td><a href=\"https:\/\/jaroszewicz.com\/wp-content\/uploads\/2022\/10\/06_ZZCP.pdf\">Zasady zwielokrotnienia czujnik\u00f3w punktowych<\/a><\/td>\r\n<\/tr>\r\n<tr valign=\"top\">\r\n<td style=\"text-align: right;\"><strong>7<\/strong><\/td>\r\n<td>NZS wyk\u0142ad 07<\/td>\r\n<td><strong>NZS-07<\/strong><\/td>\r\n<td><a href=\"https:\/\/jaroszewicz.com\/wp-content\/uploads\/2022\/10\/07-CRPD.pdf\">Czujniki o roz\u0142o\u017conym polu detekcji<\/a><\/td>\r\n<\/tr>\r\n<tr valign=\"top\">\r\n<td style=\"text-align: right;\"><strong>8<\/strong><\/td>\r\n<td>NZS wyk\u0142ad 08<\/td>\r\n<td><strong>NZS-08<\/strong><\/td>\r\n<td><a href=\"https:\/\/jaroszewicz.com\/wp-content\/uploads\/2022\/10\/08_FOG.pdf\">\u017byroskop \u015bwiat\u0142owodowy<\/a><\/td>\r\n<\/tr>\r\n<tr valign=\"top\">\r\n<td style=\"text-align: right;\"><strong>9<\/strong><\/td>\r\n<td>NZS wyk\u0142ad 08<\/td>\r\n<td><strong>NZS-09<\/strong><\/td>\r\n<td><a href=\"https:\/\/jaroszewicz.com\/wp-content\/uploads\/2022\/10\/09_FORS-idea.pdf\">\u015awiat\u0142owodowy sejsmometr rotacyjny<\/a><\/td>\r\n<\/tr>\r\n<tr valign=\"top\">\r\n<td style=\"text-align: right;\"><strong>10<\/strong><\/td>\r\n<td>NZS wyk\u0142ad 09<\/td>\r\n<td><strong>NZS-10<\/strong><\/td>\r\n<td><a href=\"https:\/\/jaroszewicz.com\/wp-content\/uploads\/2022\/10\/10_FOSREM.pdf\">FOSREM realizacja<\/a><\/td>\r\n<\/tr>\r\n<tr valign=\"top\">\r\n<td colspan=\"4\"><span style=\"font-size: 20px;\"><strong>Metodologia Prowadzenia Bada\u0144 Naukowych &#8211; szko\u0142a doktorska<br \/><\/strong><\/span><\/td>\r\n<\/tr>\r\n<tr valign=\"top\">\r\n<td style=\"text-align: right;\">0<\/td>\r\n<td style=\"width: 120px;\">Szko\u0142a doktorska<\/td>\r\n<td style=\"width: 30px;\"><strong><span style=\"color: #000000;\">MBN0<\/span><\/strong><\/td>\r\n<td><a href=\"https:\/\/jaroszewicz.com\/wp-content\/uploads\/2021\/03\/MBN-01_Wyklad-Inauguracyjnty.pdf\">Pocz\u0105tek XX w. jako relatywistyczny prze\u0142om w fizyce<\/a><\/td>\r\n<\/tr>\r\n<tr valign=\"top\">\r\n<td style=\"text-align: right;\">1<\/td>\r\n<td>Szko\u0142a doktorska<\/td>\r\n<td style=\"width: 30px;\"><strong>MBN1<\/strong><\/td>\r\n<td><a href=\"https:\/\/jaroszewicz.com\/wp-content\/uploads\/2024\/03\/MBN-01_-Formalna-strona-badan-naukowych.pdf\">Formalna strona bada\u0144 naukowych<\/a><\/td>\r\n<\/tr>\r\n<tr valign=\"top\">\r\n<td style=\"text-align: right;\">2<\/td>\r\n<td>Szko\u0142a doktorska<\/td>\r\n<td style=\"width: 30px;\"><strong>MBN2<\/strong><\/td>\r\n<td><a href=\"https:\/\/jaroszewicz.com\/wp-content\/uploads\/2023\/03\/MBN-02_Wiarygodnosc-naukowa.pdf\">Wiarygodno\u015b\u0107 naukowa<\/a><\/td>\r\n<\/tr>\r\n<tr valign=\"top\">\r\n<td style=\"text-align: right;\">3<\/td>\r\n<td>Szko\u0142a doktorska<\/td>\r\n<td style=\"width: 30px;\"><strong>MBN3<\/strong><\/td>\r\n<td><a href=\"https:\/\/jaroszewicz.com\/wp-content\/uploads\/2023\/04\/MBN-03_-Artykul-naukowy.pdf\">Artyku\u0142 naukowy<\/a><\/td>\r\n<\/tr>\r\n<tr valign=\"top\">\r\n<td style=\"text-align: right;\">4<\/td>\r\n<td>Szko\u0142a doktorska<\/td>\r\n<td style=\"width: 30px;\"><strong>MBN4<\/strong><\/td>\r\n<td><a href=\"https:\/\/jaroszewicz.com\/wp-content\/uploads\/2023\/05\/MBN-04_Upowszechnianie-Wynikow-Badan.pdf\">Upowszechnianie wynik\u00f3w bada\u0144<\/a><\/td>\r\n<\/tr>\r\n<tr valign=\"top\">\r\n<td style=\"text-align: right;\">5<\/td>\r\n<td>Szko\u0142a doktorska<\/td>\r\n<td style=\"width: 30px;\"><strong>MBN5<\/strong><\/td>\r\n<td><a href=\"https:\/\/jaroszewicz.com\/wp-content\/uploads\/2023\/05\/MBN-05_Prezentacja-Naukowa.pdf\">Prezentacja naukowa<\/a><\/td>\r\n<\/tr>\r\n<\/tbody>\r\n<\/table>\r\n<\/div>\r\n\r\n<p class=\"has-text-align-center\">\u00a0<\/p>\r\n\r\n<p>&nbsp;<\/p>\r\n\r\n<p class=\"has-text-align-center\">\u00a0<\/p>\r\n\r\n<p>&nbsp;<\/p>\r\n\r\n<figure class=\"wp-block-image size-large\"><img decoding=\"async\" src=\"blob:https:\/\/jaroszewicz.com\/fac4981a-69ea-458b-9ecd-77c6a2905a84\" alt=\"\" \/><\/figure>\r\n","protected":false},"excerpt":{"rendered":"<p>General Physics &#8211; Part I 1 Kanon Fizyki wyklad 01 NKF01 Wprowadzenie do przedmiotu\u00a0\u00a0\u00a0 2 Kanon Fizyki wyklad 02 NKF02 Wektory i skalary w fizyce 3 Kanon Fizyki wyklad 03 NKF03 Kinematyka punktu materialnego 4 Kanon Fizyki wyklad 04 NKF04 Ruch krzywoliniowy 5 Kanon Fizyki wyklad 05 NKF05 Dynamika punktu materialnego 6 Kanon Fizyki wyklad [&hellip;]<\/p>\n","protected":false},"author":1,"featured_media":0,"parent":419,"menu_order":0,"comment_status":"closed","ping_status":"closed","template":"full-width-page.php","meta":{"ngg_post_thumbnail":0,"footnotes":""},"class_list":["post-581","page","type-page","status-publish","hentry"],"_links":{"self":[{"href":"https:\/\/jaroszewicz.com\/index.php?rest_route=\/wp\/v2\/pages\/581","targetHints":{"allow":["GET"]}}],"collection":[{"href":"https:\/\/jaroszewicz.com\/index.php?rest_route=\/wp\/v2\/pages"}],"about":[{"href":"https:\/\/jaroszewicz.com\/index.php?rest_route=\/wp\/v2\/types\/page"}],"author":[{"embeddable":true,"href":"https:\/\/jaroszewicz.com\/index.php?rest_route=\/wp\/v2\/users\/1"}],"replies":[{"embeddable":true,"href":"https:\/\/jaroszewicz.com\/index.php?rest_route=%2Fwp%2Fv2%2Fcomments&post=581"}],"version-history":[{"count":335,"href":"https:\/\/jaroszewicz.com\/index.php?rest_route=\/wp\/v2\/pages\/581\/revisions"}],"predecessor-version":[{"id":1952,"href":"https:\/\/jaroszewicz.com\/index.php?rest_route=\/wp\/v2\/pages\/581\/revisions\/1952"}],"up":[{"embeddable":true,"href":"https:\/\/jaroszewicz.com\/index.php?rest_route=\/wp\/v2\/pages\/419"}],"wp:attachment":[{"href":"https:\/\/jaroszewicz.com\/index.php?rest_route=%2Fwp%2Fv2%2Fmedia&parent=581"}],"curies":[{"name":"wp","href":"https:\/\/api.w.org\/{rel}","templated":true}]}}