{"id":599,"date":"2013-11-03T13:17:31","date_gmt":"2013-11-03T12:17:31","guid":{"rendered":"http:\/\/leszek.jaroszewicz.com\/?page_id=599"},"modified":"2020-01-05T17:31:24","modified_gmt":"2020-01-05T16:31:24","slug":"599-2","status":"publish","type":"page","link":"https:\/\/jaroszewicz.com\/?page_id=599","title":{"rendered":"Photonics correlated with fibre optic technology, 2000-1996"},"content":{"rendered":"<ul>\n<li><strong>(impact factor &#8211; 0.4690)<\/strong> L. R. Jaroszewicz, A. Kie\u017cun, R. \u015awi\u0142\u0142o &#8220;A novel all-fiber ellipsometer&#8221;, <i>IEICE Trans. on Electron.,<\/i> vol. <b>E83-C<\/b>, 3 (2000), 384-390,<\/li>\n<li><strong>(impact factor &#8211; 1.0440)<\/strong> A. Kie\u017cun, L.R.Jaroszewicz ?In-line fiber-optic elipsometer for the sensors application?, <i>Opto-Electron. <\/i><i>Rev.<\/i>, <b>8<\/b>, 2 (2000), 175-180,<\/li>\n<li>L.R. Jaroszewicz, Z. Krajewski, A. Kie\u017cun, T. Niedziela ?Application of interferometric measurement of Doppler effect for testing rotation elements?, 14<sup>th<\/sup> International Conference on Optical Fiber Sensors &#8211; OFS?2000, 11-13.10, Wenecja, Italy, <em>Proc. of <\/em><i>SPIE, <\/i><b>4185<\/b>, (2000), 512-515,<\/li>\n<li>L.R. Jaroszewicz ?Optical fiber Sagnac interferometer as a sensor for environmental interaction?, 14<sup>th<\/sup> School of Optoelectronics Photonics in Information Processing FIP, Stare Jab\u0142onki, Poland, 7-11.11.2000,275-285 ? Invited lecture<\/li>\n<li><strong>(impact factor &#8211; 0.3696)\u00a0<\/strong> A. Kie\u017cun, L.R. Jaroszewicz, R. \u015awi\u0142\u0142o, &#8220;In-line fiber-optic biconical polarizer<i>&#8220;, Opt, Appl<\/i>., <b>29<\/b>, 1-2 (1999), 163-169,<\/li>\n<li><strong>(impact factor &#8211; 0.3696)<\/strong> I. Merta, L.R. Jaroszewicz<b>,<\/b> A. Kie\u017cun, &#8220;An application of the Fourier transform for fiber-optic sensor recognition&#8221;,\u00a0 <i>Opt. <\/i><i>Appl.<\/i>, <b>29<\/b>, 1-2 (1999), 171-179,<\/li>\n<li><strong>(impact factor &#8211; 0.3696)<\/strong> L.R. Jaroszewicz, A. Kie\u017cun, R. \u015awi\u0142\u0142o, &#8220;Sensing applications of fiber optic Sagnac interferometer&#8221;, <i>Opt. Appl.<\/i>, <b>29<\/b>, 1-2 (1999), 139-162,<\/li>\n<li>A. Kie\u017cun, L.R. Jaroszewicz &#8220;Polarimetric detection setup for fibre sensors&#8221;, <i>Molecular and Quantum Acoustics<\/i>, <b>20<\/b>, (1999), 109-114 ,<\/li>\n<li>L. R. Jaroszewicz, A. Kie\u017cun, R. \u015awi\u0142\u0142o &#8220;A novel all-fiber ellipsometer&#8221;, 13th International Conference on Optical Fiber Senssors, OFS-13, 12-16.04.99, Kyongju, Korea, <em>Proc. of SPIE<\/em>, <b>3746<\/b>, (1999),\u00a0 292-295,<\/li>\n<li>L.R. Jaroszewicz &#8220;The visualisation of different fiber-optic loop interferometer applications work by applying 3D <i>Mathematica<\/i> graphics&#8221;,<em> I<\/em>nternational Mathematica Symposium IMS&#8217;99, 23-25.08.99, Linz, Austria,\u00a0 http:\/\/www.risc.uni-linz.ac.at\/conferences-\/summer99\/ims99<\/li>\n<li>A. Szelmanowski, L.R. Jaroszewicz, &#8220;Usefulness of the fiber-optic Sagnac interferometer for stability analysis of slow-speed rotation test-stands&#8221;, <i>Interferometry&#8217;99 Application, <\/i>20-23.09.99, Pu\u0142tusk, Poland, <em>Proc. of SPIE<\/em>, <b>3745<\/b>, (1999),324-330,<\/li>\n<li>L.R. Jaroszewicz, K. Cyran, S. J. K\u0142osowicz, A. Mr\u00f3zek, &#8220;Fiber-optic sensor with few-mode speckle pattern recognise by diffraction method&#8221;, Interferometry&#8217;99 Techniques and Technologies, 20-23.09.99, Pu\u0142tusk, Poland, <em>Proc. of\u00a0 SPI<\/em>E, <b>3744<\/b>, (1999),\u00a0 386-393,<\/li>\n<li>L.R. Jaroszewicz, A. Kie\u017cun, R. \u015awi\u0142\u0142o, &#8220;Fiber-optic ellipsometer on the base of Sagnac interferometer&#8221;, <i>Interferometry&#8217;99 Techniques and Technologies, <\/i>20-23.09.99,<i> <\/i>Pu\u0142tusk<i>,<\/i> <em>Proc. of SPIE<\/em>, <b>3744<\/b>, (1999), 452-458,<\/li>\n<li>K.A. Cyran, L.R. Jaroszewicz, A. Mr\u00f3zek &#8220;Optical fiber and genetically optimized computer generated hologram in force detection and classification&#8221; Laser Technology VI: Applications<i>, <\/i>27.09-1.10.1999, \u015awinouj\u015bcie, Poland, <em>Proc. of <\/em><i>SPIE<\/i>, <b>4238, <\/b>(1999), 234-238,<\/li>\n<li>L.R. Jaroszewicz, A. Kie\u017cun, N. Pa\u0142ka ?Fiber-optic polarizer with D-type waveguide?<i>,<\/i> Lightguides and their Applications<i>, <\/i>14-16.10.99 Krasnobr\u00f3d, Poland, <em>Proc. of SPIE<\/em> <b>4239, <\/b>(1999), 217-222,<\/li>\n<li>L.R. Jaroszewicz, T. Podeszwa, A. Mr\u00f3zek, J. Wolski ?Idea and first results of fiber-optic sensor for engine estimation condition?<i>,<\/i> Lightguides and their Applications, 14-16.10.99 Krasnobr\u00f3d, Poland, <em>Proc. of SPIE<\/em>\u00a0 <b>4239, <\/b>(1999), 86-90,<\/li>\n<li><strong>(impact factor &#8211; 0.5282<\/strong>) S. J. K\u0142osowicz, L.R. Jaroszewicz<b>,<\/b> E. Nowinowski-Kruszelnicki &#8220;Optical effects in polymer-dispersed liquid crystal-fiber optic devices&#8221;, <i>Mol. Cryst. Liq. Cryst<\/i>., <b>321<\/b>, (1998),\u00a0 323-331,<\/li>\n<li>A. Szelmanowski, L. R. Jaroszewicz &#8220;Analysis of the reasons of angular velocity oscilations in single-stage slow-speed platform&#8221;, <i>J. Tech. Phys<\/i>., <b>39<\/b>, 2, (1998), 61-74,<\/li>\n<li>A. Szelmanowski, L. R. Jaroszewicz &#8220;Stability analysis of two-stage backward slow-speed platform&#8221;, <i>Machine Dynamics Problems<\/i>,<b> 22<\/b>, (1998),\u00a0 93-113 ,<\/li>\n<li>L.R. Jaroszewicz, A. Szelmanowski &#8220;Application of fibre optic gyroscope for quality research of angular rotation in slow-speed platforms&#8221; The International Symposium on Optical Science, Engineering, and Instrumentation, 19-24.07.98 San Diego,<i> <\/i>USA, P<em>roc. of SPIE,<\/em> <b>3479<\/b>, (1998), 284-293,<\/li>\n<li>L.R. Jaroszewicz, I. Merta, A. Kie\u017cun &#8220;Fiber-optic external perturbation sensor\u00a0 with ring-wedge photodetector&#8221;, Photonics China&#8217;98, 16-19.09.98, Pekin, China, <em>Proc. of SPIE<\/em>, <b>3555<\/b>, (1998),\u00a0 337-342<\/li>\n<li>A. Szelmanowski, L. R. Jaroszewicz &#8220;Application of fibre optic gyroscope for quality research of slow-speed angular rotation&#8221;, Optoelectronics and Electronic Sensors III, 10-13.05.98, Jurata, Poland, <em>Proc. of SPIE<\/em>, <b>3730<\/b>, (1998), \u00a08-12,<\/li>\n<li>L. R. Jaroszewicz, I. Merta &#8220;Fiber optic external perturbation sensor with analysis of intermode coupling by ring-wedge photodoetector&#8221;, Optoelectronics and Electronic Sensors III, 10-13.05.98, Jurata, Poland<i>, <\/i><em>Proc. of SPIE<\/em>, <b>3730<\/b>, (1998),\u00a0 13-17,<\/li>\n<li>L. R. Jaroszewicz &#8220;Applications of <i>Mathematica<\/i> for investigate of the polarisation role in fiber optic interferometers&#8221;, 2nd International Symposium of Mathematica IMS?97, 29.06-4.07.97, Rovaniemi, Finlandia. CM Publishing, Southampton, England, (1997), 283-290,<\/li>\n<li>L.R. Jaroszewicz, A. Kie\u017cun &#8220;Measurement of Nanometer Vibrations by Fiber Optic Loop Interferometer&#8221;, Sensors and their Applications VIII, 7-10.09.97 Glasgow, Scotland,<em> IOP Publishing<\/em>, Bristol and Philadelphia, England, (1997), 323-328,<\/li>\n<li>L. R. Jaroszewicz &#8220;Polarisation role in fiber optic interferometers&#8221; International Conference Polarimetry and Ellipsometry P\/E-metry,\u00a0 20-24.05.96, Kaziimierz Dolny, <em>Poland, Proc. of SPIE<\/em>, <b>3094<\/b>, (1996), 204-216 &#8211; Invited lecture<b>,<\/b><\/li>\n<li>A. Kie\u017cun, L. R. Jaroszewicz, R. \u015awi\u0142\u0142o: &#8220;Computer-aided automatic polarimeter&#8221;, International Conference Polarimetry and Ellipsometry P\/E-metry, 20-24.05.96, Kaziimierz Dolny, Poland, <em>Proc. of SPIE<\/em>, <b>3094<\/b>, (1996), 100-104.<\/li>\n<\/ul>\n<h3>Patents:<b><\/b><\/h3>\n<ul>\n<li>L.R. Jaroszewicz, A. Kie\u017cun, M. \u015awi\u0142\u0142o &#8220;Spos\u00f3b okre\u015blenia drogi zdudnie\u0144 w \u015bwiat\u0142owodach jednomodowych&#8221;, <strong>PL 177773 B1<\/strong>, 31.01.2000<\/li>\n<li>A. Kie\u017cun, L.R. Jaroszewicz, E. Nowinowski, A. Walczak, &#8220;G\u0142owica pomiarowa do wyznaczania profilu wsp\u00f3\u0142czynnika za\u0142amania w warstwach ciek\u0142okrystalicznych&#8221;, <strong>PL 177567<\/strong>, 31.12.1999 ,<\/li>\n<li>L.R. Jaroszewicz, A. Kie\u017cun, &#8220;\u015awiat\u0142owodowy uk\u0142ad detekcji fazowo-polaryzacyjnej&#8221;, <strong>PL 177396 B<\/strong>1, 30.11.1999<\/li>\n<li>L.R. Jaroszewicz, A. Kie\u017cun, M. Szustakowski, &#8220;Uk\u0142ad do badania w\u0142asno\u015bci polaryzacyjnych element\u00f3w \u015bwiat\u0142owodowych&#8221; <strong>PL 174921 B1<\/strong>, 30.10.1998<\/li>\n<li>L.R. Jaroszewicz, A. Kie\u017cun, M. Szustakowski, M. \u015awi\u0142\u0142o &#8220;Uk\u0142ad do wykrywania i lokalizacji obiekt\u00f3w ruchomych&#8221; <strong>PL 173753 B1<\/strong>, 30.04.1998<\/li>\n<li>L.R. Jaroszewicz, A. Kie\u017cun, M. Szustakowski, M. \u015awil\u0142\u0142o &#8220;Spos\u00f3b wyr\u00f3\u017cnienia kierunku zmian fazy optycznej mierzonej przy pomocy interferometru \u015bwiat\u0142owodowego&#8221; <strong>PL 172501,<\/strong>\u00a0 30.09.1997<\/li>\n<li>A. Kie\u017cun, L.R. Jaroszewicz, R. \u015awi\u0142\u0142o &#8220;Urz\u0105dzenie dopomiaru k\u0105ta skr\u0119cenia p\u0142aszczyzny polaryzacji \u015bwiat\u0142a&#8221;, PL 183902 B1, 13.06.1997<\/li>\n<li>L.R. Jaroszewicz, A. Kie\u017cun, J. Ostrowski, &#8220;Refraktometr \u015bwiat\u0142owodowy&#8221; <strong>PL 170851 B1,<\/strong> 31.01.1997<\/li>\n<li>L.R. Jaroszewicz, A. Kie\u017cun, R. \u015awi\u0142\u0142o, M. Szustakowski &#8220;Spos\u00f3b i uk\u0142ad do okre\u015blania kierunku zmiany fazy sygna\u0142u w \u015bwiat\u0142owodowych interferometrach Fabry-Perot&#8221;, <strong>PL 176564 B1<\/strong>, 09.12.1996<\/li>\n<\/ul>\n","protected":false},"excerpt":{"rendered":"<p>(impact factor &#8211; 0.4690) L. R. Jaroszewicz, A. Kie\u017cun, R. \u015awi\u0142\u0142o &#8220;A novel all-fiber ellipsometer&#8221;, IEICE Trans. on Electron., vol. E83-C, 3 (2000), 384-390, (impact factor &#8211; 1.0440) A. Kie\u017cun, L.R.Jaroszewicz ?In-line fiber-optic elipsometer for the sensors application?, Opto-Electron. Rev., 8, 2 (2000), 175-180, L.R. Jaroszewicz, Z. Krajewski, A. Kie\u017cun, T. Niedziela ?Application of interferometric [&hellip;]<\/p>\n","protected":false},"author":1,"featured_media":0,"parent":338,"menu_order":8,"comment_status":"closed","ping_status":"closed","template":"","meta":{"ngg_post_thumbnail":0,"footnotes":""},"class_list":["post-599","page","type-page","status-publish","hentry"],"_links":{"self":[{"href":"https:\/\/jaroszewicz.com\/index.php?rest_route=\/wp\/v2\/pages\/599","targetHints":{"allow":["GET"]}}],"collection":[{"href":"https:\/\/jaroszewicz.com\/index.php?rest_route=\/wp\/v2\/pages"}],"about":[{"href":"https:\/\/jaroszewicz.com\/index.php?rest_route=\/wp\/v2\/types\/page"}],"author":[{"embeddable":true,"href":"https:\/\/jaroszewicz.com\/index.php?rest_route=\/wp\/v2\/users\/1"}],"replies":[{"embeddable":true,"href":"https:\/\/jaroszewicz.com\/index.php?rest_route=%2Fwp%2Fv2%2Fcomments&post=599"}],"version-history":[{"count":4,"href":"https:\/\/jaroszewicz.com\/index.php?rest_route=\/wp\/v2\/pages\/599\/revisions"}],"predecessor-version":[{"id":1177,"href":"https:\/\/jaroszewicz.com\/index.php?rest_route=\/wp\/v2\/pages\/599\/revisions\/1177"}],"up":[{"embeddable":true,"href":"https:\/\/jaroszewicz.com\/index.php?rest_route=\/wp\/v2\/pages\/338"}],"wp:attachment":[{"href":"https:\/\/jaroszewicz.com\/index.php?rest_route=%2Fwp%2Fv2%2Fmedia&parent=599"}],"curies":[{"name":"wp","href":"https:\/\/api.w.org\/{rel}","templated":true}]}}