{"id":613,"date":"2013-11-03T13:45:49","date_gmt":"2013-11-03T12:45:49","guid":{"rendered":"http:\/\/leszek.jaroszewicz.com\/?page_id=613"},"modified":"2020-01-05T18:46:01","modified_gmt":"2020-01-05T17:46:01","slug":"photonics-correlated-with-fibre-optic-technology-2015-2011","status":"publish","type":"page","link":"https:\/\/jaroszewicz.com\/?page_id=613","title":{"rendered":"Photonics correlated with fibre optic technology, 2015-2011"},"content":{"rendered":"<ul>\n<li><strong>(impact factor ? 2.86)<\/strong> P. Pura, M. Szyma\u0144ski, M. Dudek, L. R. Jaroszewicz, P. Mar\u0107, M. Kujawi\u0144ska ?Polymer Microtips at Different Types of Optical Fibers as Functional Elements for Sensing Applications&#8221;, <em> J. Lightwave Techn.<\/em>, <strong>33<\/strong> (12), (2015), 2398-2404,<\/li>\n<li>Mar\u0107, N. Przybysz, K. Stasiewicz, L. R. Jaroszewicz ?Alkanes-filled Photonic Crystal Fibers as sensor transducers?, 24th International Conference on Optical Fibre Sensors OFS-24, 28.09-2.10.2015 Curtiba, Brazil<em>, <\/em><em>Proc. of SPIE, <\/em><strong>9634 <\/strong>(2015), 96345O-1,<\/li>\n<li>R. Wonko, P. Pura-Pawlikowska, P. Mar\u0107, M. Chru\u015bciel, L. R. Jaroszewicz ?Effective glued connection between multimode polymer and silica optical fibers ?, Optical Fibers and Their Applications, 22-25.09.2015 Na\u0142\u0119cz\u00f3w, Poland, <em>Proc. of SPIE,\u00a0 <\/em><strong>9816<\/strong>, (2015), 981608, DOI: 10.1117\/12.2228598<\/li>\n<li>N. Przybysz, P. Mar\u0107, A. Kisielewska, L. R. Jaroszewicz ?Thermal properties photonic crystal fiber transducers with ferromagnetic nanoparticles?, Optical Fibers and Their Applications, 22-25.09.2015 Na\u0142\u0119cz\u00f3w, Poland, <em>Proc. of SPIE\u00a0 <\/em><strong>9816<\/strong>, (2015), 98160L, DOI: 10.1117\/12.2228841<\/li>\n<li><strong>(impact factor ? 2.048)<\/strong> A. Kurzych, L. R. Jaroszewicz, Z. Krajewski, K.P. Teisseyre, J.K. Kowalski ?Fibre Optic System for Monitoring Rotational Seismic Phenomena?, <em>Sensors<\/em>, <strong>14<\/strong>, (2014), 5459-5469,<\/li>\n<li><strong>(impact factor ? 3.179)<\/strong> K. Stepien, M. Slowikowski, T. Tenderenda, M. Murawski, M. Szymanski, L. Szostkiewicz, M. Becker, M. Rothhardt, H. Bartelt, P. Mergo, L. R. Jaroszewicz, and T. Nasilowski ?Fiber Bragg gratings in hole-assisted multicore fiber for space division multiplexing?, <em>Optics<\/em> <em>Letters<\/em>, <strong>39(12)<\/strong>, (2014), 3571-3574,<\/li>\n<li><strong>(impact factor ? 2.862)<\/strong><span style=\"color: #000000;\"> McGayge, C., Fabian, M., Karimi, m., Bravo, M. Jaroszewicz, L.R., Mergo, P., Sun, T., Grattan, K.T.V.,<\/span> ?Novel Sensor Design Using Photonic Crystal Fibres for Monitoring the Onset of Corrosion in Reinforced Concrete Structures,? <em>J. Lightwave Techn.<\/em>, <strong>32(4),<\/strong> (2014), 891-896,<\/li>\n<li><strong>(impact factor ? 1.6943)<\/strong> M. Karimi, M. Fabian, L. R. Jaroszewicz, K. Schuster, P. Mergo, T. Sung, K. T. V. Grattan ?Lateral force sensing system based on different photonic crystal fibres?, <em>Sensors and Actuators A<\/em>, <strong>205<\/strong> (2014), 86-91,<\/li>\n<li>L.R. Jaroszewicz, Z. Krajewski, J. K. Kowalski, A. Kurzych, Z. Raszewski ?AFORS &#8211; Autonomous Fiber Optic Rotational Seismograph as a System for Continuous Monitoring the Rotational Seismic Events?, <em>Advanced Materials Research , <\/em><strong>909 (<\/strong>2014), 444-449,<\/li>\n<li>A. Kurzych, L. R. Jaroszewicz, Z. Krajewski, K. P. Teisseyre, J. K. Kowalski ?Application of the fibre-optic interferometer as a rotational seismograph type AFORS?, 19th Polish-Slovak?Czech Optical Conference on Wave and Quantum Aspects of Contemporary Optics, 8-12.09.2014, Wojanow Palace, Poland, <em>Proc. of SPIE,<\/em> <strong>9441<\/strong> (2014), 944114,<\/li>\n<li>T. Stanczyk, K. Wysokinski, T. Tenderenda, S. Lipinski, L. Ostrowski, T. Stanczyk, K. Wysokinski, T. Tenderenda, S. Lipinski, L. Ostrowski, M. Broczkowska, A. Ziolowicz, K. Gibala, H. Krisch, B. Niermann, L. Jaroszewicz, T. Nasilowski ?Temperature and mechanical reliability of electrolytic fiber to metal joints for applications in fiber optic sensor?, 23rd Int. Con. on Optical Fiber Sesnors OFS-23, 2-6.06.2014, Santander, Espania, <em>Proc. of SPIE<\/em>, <strong>9157<\/strong> (2014), 9157-549,<\/li>\n<li>Z. Holdynski, M. Napierala, M. Szymanski, M. Murawski, P. Mergo, P. Marc, L. Jaroszewicz, T. Nasilowski ?Microstructured fibres ultraviolet sources for sensing applications?, <em>2<\/em>3rd Int. Con. on Optical Fiber Sesnors OFS-23, 2-6.06.2014, Santander, Espania, <em>Proc. of SPIE<\/em>, <strong>9157<\/strong> (2014), 9157-289,<\/li>\n<li>M. Napierala, M. Murawski, M. Szymanski, L. Ostrowski, L. Szostkiewicz, P. Mergo, L. Jaroszewicz, T. Nasilowski ?Optical fiber elements for addressing individual cores in multicore optical fiber sensors?, 23rd Int. Con. on Optical Fiber Sesnors OFS-23, 2-6.06.2014, Santander, Espania, <em>Proc. of SPIE<\/em>, <strong>9157<\/strong> (2014), 9157-602,<\/li>\n<li>P. Pura, M. Szyma\u0144ski, L. Jaroszewicz, P. Mar\u0107, M. Dudek, M. Kujawi\u0144ska, M. Napiera\u0142a, T. Nasi\u0142owski, \u0141. Ostrowski ?Microtips at photonic crystal fibers as functional elements for near-field scanning optical microscopy probes?, 23rd Int. Con. on Optical Fiber Sesnors OFS-23, 2-6.06.2014, Santander, Espania, <em>Proc. of SPIE<\/em>, <strong>9157<\/strong> (2014), 9157-251,<\/li>\n<li>T. Tenderenda, K. Stepien, L. Szostkiewicz, M. Murawski, M. Szymanski, M. Becker, M. Rothhardt, H. Bartelt, P. Mergo, K. Poturaj, K. Skorupski, P. Mar\u0107, L. Jaroszewicz, T. Nasilowski ?Analysis of the air holes&#8217; geometry influence on longitudinal strain sensitivity of microstructured Fiber Bragg gratings?, 23rd Int. Con. on Optical Fiber Sesnors OFS-23, 2-6.06.2014, Santander, Espania, <em>Proc. of SPIE<\/em>, <strong>9157<\/strong> (2014), 9157-585,<\/li>\n<li>M. Bravo, C. McCague, M. Fabian, L. Jaroszewicz, P. Mergo, M. Lopez-Amo, K. Grattan, T. Sun<em> ?<\/em>Reinforced concrete structural corrosion monitoring using Hi-Bi photonic crystal fibres in a fiber loopstructure<em>?, <\/em>23rd Int. Con. on Optical Fiber Sesnors OFS-23, 2-6.06.2014, Santander, Espania,<em> Proc. of SPIE, <strong>9157<\/strong> (2014), 9157-<\/em>292,<\/li>\n<li>K. Stepien, T. Tenderenda, M. Murawski, M. Szymanski, L. Szostkiewicz, M. Becker, M. Rothhardt, H. Bartelt, P. Mergo, K. Poturaj, R. Jaroszewicz ?Fiber Bragg grating inscription in novel highly strains sensitive microstructured Fiber?, <em>S<\/em>PIE Photonics Europe 14-17.04.2014 Brussels, Belgium, <em>Proc. of SPIE<\/em>, <strong>9128<\/strong> (2014), 9128-0E,<\/li>\n<li>M. Napierala, Z. Ho\u0142dynski, M. Szymanski, M. Murawski, P. Mergo, P. Marc, L. R. Jaroszewicz, T. Nasilowski ?Influence of photonic crystal fiber manufacturing inaccuracies on supercontinuum generation?, SPIE Photonics Europe 14-17.04.2014 Brussels, Belgium, <em>Proc. of SPIE<\/em>, <strong>9136<\/strong> (2014), 9136-1M,<\/li>\n<li>L. Szostkiewicz, T. Tenderenda, M. Napierala, M. Szyma\u0144ski, M. Murawski, P. Mergo, P. Lesiak, P. Marc, L. R. Jaroszewicz, T. Nasilowski ?Novel design of dual-core microstructured fiber with enhanced longitudinal strain sensitivity?, SPIE Photonics Europe, 14-17.04.2014 Brussels, Belgium, <em>Proc. of SPIE<\/em>, <strong>9141<\/strong> (2014), 9141-0S,<\/li>\n<li>T. Tenderenda, M. Murawski, M. Szyma\u0144ski, L. Szostkiewicz, M. Becker, M. Rothhardt, H. Bartelt, P. Mergo, K. Poturaj, M. Makara, K. Skorupski, P. Mar\u0107, L. R. Jaroszewicz, T. Nasi\u0142owski ?Longitudinal strain sensing with photonic crystal fibers and fiber Bragg gratings?, <em>SPIE Photonics West <\/em>1-6.02-2014 San Francisco, USA, <em>Proc. of SPIE,<\/em> <strong>8982<\/strong> (2014), 8982-44,<\/li>\n<li>M. Murawski, T. Tenderenda, M. Napiera\u0142a, L. Szostkiewicz, A. \u0141ukowski, Z. Ho\u0142dy\u0144ski M. Szyma\u0144ski, M. Slowikowski, L. Ostrowski, P. Mar\u0107, L. R. Jaroszewicz, T. Nasi\u0142owski ?Influence of the mode field diameter on the strain sensitivity of different fibres?, <em>SPIE Photonics West<\/em> 1-6.02-2014 San Francisco, USA,<em> Proc. of SPIE<\/em>, <strong>8982<\/strong> (2014), 8982-4,<\/li>\n<li>M. Murawski, G. St\u0119pniewski, T. Tenderenda, M. Napiera\u0142a, Z. Ho\u0142dy\u0144ski, L. Szostkiewicz, M. Slowikowski, M. Szyma\u0144ski, L. Ostrowski, L. R. Jaroszewicz, R. Buczy\u0144ski, T. Nasi\u0142owski ?Low-loss coupling and splicing of standard single-mode fibers with all-solid soft-glass microstructured fibers for supercontinuum generation?, SPIE Photonics West 1-6.02-2014 San Francisco, USA, <em>Proc. of SPIE,<\/em> <strong>8982<\/strong> (2014), 8982-82,<\/li>\n<li>Z. Ho\u0142dy\u0144ski, M. Napiera\u0142a, M. Szyma\u0144ski, M. Murawski, P. Mergo, P. Mar\u0107, L. R. Jaroszewicz, T. Nasi\u0142owski ?Influence of zero dispersion wavelength on supercontinuum generation in near infrared, visible, and UV range for a series of microstructured fibres?, SPIE Photonics West 1-6.02-2014 San Francisco, USA, <em>Proc. of SPIE<\/em>, <strong>8961<\/strong> (2014), 8961-117,<\/li>\n<li>Z. Ho\u0142dy\u0144ski, M. Napiera\u0142a, U. A. Laudyn, M. A. Karpierz, M. Szyma\u0144ski, M. Murawski, P. Mergo, P. Mar\u0107, L. R. Jaroszewicz, T. Nasi\u0142owski ?Analysis of supercontinuum generated with endlessly single mode new type of microstructured fibre series with near-visible zero dispersion wavelength?, SPIE Photonics West 1-6.02-2014 San Francisco, USA, <em>Proc. of SPIE<\/em>, <strong>8961<\/strong> (2014), 8961-118,<\/li>\n<li>L. Ostrowski, M. Murawski, M. Szyma\u0144ski, Z. Ho\u0142dy\u0144ski, T. Tenderenda, P. Pura, P. Mergo, P. Mar\u0107, T. Nasi\u0142owski, L. R. Jaroszewicz, ?Numerical aperture measurement system for microstructured fibres and tapers analysis in a broad wavelength range?, SPIE Photonics West 1-6.02-2014 San Francisco, USA, <em>Proc. of SPIE<\/em>, <strong>8961<\/strong> (2014), 8961-126,<\/li>\n<li><strong>(impact factor ? 1.649)<\/strong> I. Merta, Z. Holdynski, L. R. Jaroszewicz ?Bicell-photodetector in the Fourier plane as a fiber optic homodyne phase demodulator &#8211; theoretical model and experimental results?, <em>Appl. Opt.<\/em>, <strong>52<\/strong>(19), (2013), 4468-4476,<\/li>\n<li><strong>(impact factor ? 3.179)<\/strong> T. Tenderenda, M. Murawski, M. Szymanski, L. Szostkiewicz, M. Becker, M. Rothhardt, H. Bartelt, P. Mergo, K. Skorupski, P. Marc, L.R. Jaroszewicz, and T. Nasilowski ?Fiber Bragg grating inscription in few-mode highly birefringent microstructured fiber?, <em>Opt. Lett.<\/em>, <strong>38<\/strong>(13), (2013), 2224-2226,<\/li>\n<li><strong>(impact factor &#8211; 3.6080)<\/strong> Z. Holdynski, M. Napierala, M. Szymanski,M. Murawski, P. Mergo, P. Marc, L. R. Jaroszewicz, and T. Nasilowski?Experimental study of dispersion characteristics for a series of microstructured fibers for customized supercontinuum generation,? <i>Optics Expres<\/i>s, <b>21<\/b>(6), (2013), 7107-7117,<\/li>\n<li>(<strong>impact factor &#8211; 3.3862)<\/strong> T. Tenderenda, M. Murawski, M. Szymanski, L. Szostkiewicz, M. Becker, M. Rothhardt, H. Bartelt, P. Mergo, K. Skorupski, P. Marc, L.R. Jaroszewicz, and T. Nasilowski ?Fiber Bragg grating inscription in few-mode highly birefringent microstructured fiber?, <i>Opt. Lett.<\/i>, <b>38<\/b>(13), (2013), 2224-2226,<\/li>\n<li><strong>(impact factor &#8211; 1.7165)<\/strong> I. Merta, Z. Holdynski, L. R. Jaroszewicz ?Bicell-photodetector in the Fourier plane as a fiber optic homodyne phase demodulator &#8211; theoretical model and experimental results?, <i>Appl. Opt.<\/i>,\u00a0 <b>52<\/b>(19), (2013), 4468-4476,<\/li>\n<li>Z. Holdynski, I. Merta, T. Nasilowski, L. R. Jaroszewicz ?Bicell fibre optics homodyne phase demodulator &#8211; experimental results?, 5th European Workshop on Optical Fibre Sensors EWOFS?2013, 19-22.05.13 Krak\u00f3w, Poland, <i>Proc. of SPIE<\/i>, <b>8794<\/b> (2013), 87940G-1 &#8211; 87940G-5,<\/li>\n<li>M. Murawski, Z. Holdynski, M. Szymanski, T. Tenderenda, L. Ostrowski, A. Lukowski, H. Krisch, M. Napiera\u0142a, L.R. Jaroszewicz, T. Nasilowski ?Influence of the mode geometry on the strain and temperature sensitivity of different fibers?, 5th European Workshop on Optical Fibre Sensors EWOFS?2013, 19-22.05.13 Krak\u00f3w, Poland, <em>Proc. of SPIE,<\/em> <b>8794<\/b> (2013), 87940T-1 &#8211; 87940T-5,<\/li>\n<li>M. Napiera\u0142a, \u0141. Szostkiewicz, M. Szymanski, P. Mergo, L. R. Jaroszewicz, T. Nasilowski<i> ?<\/i>Concept of all-fiber bend sensor based on photonic crystal fibers with asymmetric air-hole structure<i>?<\/i>, 5th European Workshop on Optical Fibre Sensors EWOFS?2013,<i> 19-22.05.13 <\/i>Krak\u00f3w, Poland, <em>Proc. of SPIE<\/em>, <b>8794<\/b> <i>(2013), <\/i>87940T-1 &#8211; 87940T-5,<\/li>\n<li>K. A. Stasiewicz, A. \u0141ukowski, L. R. Jaroszewicz<i> ?<\/i>Changes of propagation light in optical fiber submicron wires<i>?, <\/i>5th European Workshop on Optical Fibre Sensors EWOFS?2013, 19-22.05.13 Krak\u00f3w, Poland<i>,<\/i> <em>Proc. of SPIE<\/em>, <b><i>8794<\/i><\/b><i> (2013), <\/i>87941W-1 &#8211; 87941W-5,<\/li>\n<li>T. Tenderenda, M. Murawskia, M. Szymanski, M. Becker, M. Rothhardt, H. Bartelt, P. Mergo, K. Poturaj, M. Makara, K. Skorupski, P. Marc, L. R. Jaroszewicz, T. Nasilowskia,b ?Analysis of temperature and strain sensitivity of fiber Bragg gratings written in dual-mode highly birefringent microstructured fibers?, 5th European Workshop on Optical Fibre Sensors EWOFS?2013, 19-22.05.13 Krak\u00f3w, Poland, <em>Proc. of SPIE,<\/em> <b>8794<\/b> (2013), 879427-1 &#8211; 879427-4,<\/li>\n<li>P. Mar\u0107, A. Gierej, M. Murawski, \u0141. Ostrowski, P. Piliszek, A. Januszko, L. R. Jaroszewicza and T. Nasi\u0142owski <i>?<\/i>Thermo-optic properties of Co nanofluid filled microstructured fiber<i>?, <\/i>5th European Workshop on Optical Fibre Sensors EWOFS?2013, 19-22.05.13 Krak\u00f3w, Poland, <em>Proc. of SPIE,<\/em> <b>8794<\/b> (2013), 87942J-1 &#8211; 87942J-6,<\/li>\n<li>L. Ostrowski, M. Murawski, M. Szymanski, Z. Holdynski, T. Tenderenda, P. Pura, P. Mergo, P. Mar\u0107, T. Nasilowski, L.R. Jaroszewicz <i>?<\/i>Numerical aperture analysis of specialty microstructured fibres in a broad wavelength range<i>?, <\/i>5th European Workshop on Optical Fibre Sensors EWOFS?2013,<i> 19-22.05.13 <\/i>Krak\u00f3w, Poland,<em> Proc. of SPIE<\/em>, <b>8794<\/b> (2013),<i> <\/i>879440-1 &#8211; 879440-5,<\/li>\n<li><strong>(impact factor &#8211; 1.388)<\/strong> L.R. Jaroszewicz, Z. Krajewski, K.P. Teisseyre &#8220;Usefulness of AFORS &#8211; Autonomous Fibre-Optic Rotational Seismograph for investigation of rotational phenomena&#8221;, <i>J. Seismol.<\/i>, <strong>16(4),<\/strong> (2012), 573-586,<\/li>\n<li><strong>(impact factor &#8211; 3.587)<\/strong> T. Tenderenda, K. Skorupski, M. Makara, G. Statkiewicz?Barabach, P. Mergo, P. Marc, L. R.\u00a0Jaroszewicz, T. Nasilowski ?Highly birefringent dual?mode microstructured fiber with enhanced polarimetric strain sensitivity of the second order mode?, <i>Optics Expres<\/i>s, <b>20<\/b>(24), (2012), 26996-27002,<\/li>\n<li>T. Tenderenda, M. Murawski, M. Szymanski, M. Becker, M. Rothhardt, H. Bartelt, P. Mergo, K. Poturaj, M. Makara, K. Skorupski, P. Mar\u0107, L.R. Jaroszewicz, T. Nasilowski ?Fibre Bragg Gratings written in highly birefringent microstructured fibre as very sensitive strain sensors?, Photonics SPIE Euro, 22-26.04.2012 &#8211; Brussels, Belgium,\u00a0 <em>Proc. of SPIE<\/em>,\u00a0 <b>8426<\/b>, (2012), 84260D,<\/li>\n<li>K. Stasiewicz, P. Mar\u0107, L.R. Jaroszewicz ?Mode conversion in hybrid optical fiber coupler?, Photonics SPIE Euro, 22-26.04.2012 &#8211; Brussels, \u00a0 Belgium, <em>Proc. of SPIE,<\/em> <b>8426<\/b>, (2012),\u00a0 84261L,<\/li>\n<li>M. Murawski, M. Szymanski, Z. Holdynski, T. Tenderenda, L. Ostrowski, K. Pawlik, K. Gossner, H. Krisch, P. Marc, L. R. Jaroszewicz, T. Nasilowski, ?Low power and inexpensive microstructured fiber Mach Zehnder interferometer as temperature insensitive mechanical sensor?, Photonics SPIE Euro, 22-26.04.2012 &#8211; Brussels, Belgium, <em>Proc. of SPIE,<\/em> <b>8426<\/b>, (2012), 84260H,<\/li>\n<li>P. Mar\u0107, P. Piliszek, M. Murawski, M. Szymanski, K. Pawlik, T. Nasilowski, L.R. Jaroszewicz ?Optical temperature switch based on microstructured fibre filled with different chemical mixtures?, Photonics SPIE Euro, 22-26.04.2012 &#8211; Brussels, Belgium, <em>Proc. of SPIE,\u00a0<\/em> <b>8426<\/b>, (2012), 842605,<\/li>\n<li>Z. Holdynski, M. Szymanski, M. Murawski, T. Nasilowski, P. Mergo, P. Marc, L. R. Jaroszewicz, I. Merta, ?Investigation of dispersion characteristics of highly nonlinear microstructured fibre series for customized supercontinuum generation?, Photonics SPIE Euro, 22-26.04.2012 &#8211; Brussels, Belgium, <i>Proc. of SPIE, <\/i><b>8426<\/b>, (2012), 84260O ,<\/li>\n<li>P. Marc, P. Piliszek, M. Murawski, M. Szymanski, T. Nasilowski, K. Pawlik, L. R. Jaroszewicz, ?Temperature threshold sensor based on optical switch with filled photonic crystal fiber?, 22nd International Conference on Optical Fibre Sensors OFS-22, 15-19.10.12 Beijing, China, <i>Proc. of SPIE<\/i><b>, 8421<\/b>, (2012), 8421-74,<\/li>\n<li>T. Tenderenda, M. Murawski, M. Szymanski, M. Becker, M. Rothhardt, H. Bartelt, P. Mergo,\u00a0 K. Poturaj, M. Makara, K. Skorupski, P. Marc, L.R. Jaroszewicz, T. Nasilowski, ?Fiber Bragg gratings in few-mode highly birefringent microstructured optical fibers for sensing applications?, 22nd International Conference on Optical Fibre Sensors OFS-22, 15-19.10.12 Beijing, China, <i>Proc. of SPIE<\/i><b>, 8421<\/b>, (2012), 8421-356,<\/li>\n<li>M. Murawski, M. Szymanski, Z. Ho\u0142dynski, T. Tenderenda, L. Ostrowski,P. Mergo, P. Marc, L.R. Jaroszewicz, T. Nasilowski, ?Strain and temperature sensitivity measurement using simple microstructured fiber Mach-Zhender interferometer?, 22nd International Conference on Optical Fibre Sensors OFS-22, 15-19.10.12 Beijing, China, <i>Proc. of SPIE<\/i><b>, 8421<\/b>, (2012), 8421-531,<\/li>\n<li><strong>(impact factor &#8211; 0.966)<\/strong> L.R. Jaroszewicz, M. Murawski, T. Nasi\u0142owski, K. Stasiewicz, P. Mar\u0107, M. Szyma\u0144ski, P. Mergo ?Methodology of splicing large air filling factor suspended core photonic crystal fibers?, <i>Opto-Electron. Rev., <\/i><b>19<\/b> (2), (2011), 256-259,<\/li>\n<li><strong>(impact factor &#8211; 0.617)<\/strong> L.R. Jaroszewicz, Z. Krajewski, H. Kowalski, G. Mazur, P. Zin\u00f3wko, J. Kowalski ?AFORS Autonomous Fibre-Optic Rotational Seismograph: Design and Application?<i>, Acta Geophys.,<\/i><b> 59<\/b>(3), (2011), 578-596,<\/li>\n<li><strong>(impact factor &#8211; 2.784)<\/strong> L. R. Jaroszewicz<b>,<\/b> M. Murawski, T. Nasilowski, K. Stasiewicz, P. Marc, M.\u00a0 Szymanski, P. Mergo, W. Urbanczyk, F. Berghmans and H. Thienpont, ?Low-Loss Patch Cords by Effective Splicing of Various Photonic Crystal Fibers With Standard Single Mode Fiber?,<i> J. Lightwave Techn.,<\/i> <b>29<\/b>(19), (2011), 2940-2946,<\/li>\n<li>L. R. Jaroszewicz ?Opportunity for application of the Fibre-Optic Sagnac Interferometer as Real Sensor of the Physical Quantities? XXXV OSI Symposium, 17-19.01.2011, Thiruvananthapuram, Indie ? invited,<\/li>\n<li>L. R. Jaroszewicz, Z. Krajewski, J. Kowalski, P. Zin\u00f3wko ?Fiber-Optic Rotational Seismic system for investigation of the rotational events?, 21st International Conference on Optical Fibre Sensors OFS-21, 15-19.05.11 Ottawa, Canada, <i>Proc. of SPIE<\/i><b>, 7<\/b><b>753<\/b>, (2011), 77535O-1-77535O-4,<\/li>\n<li>P. Mar\u0107, K. Stasiewicz, L. R. Jaroszewicz, T. Nasi\u0142owski, M. Szyma\u0144ski ?Photonic crystal fiber couplers based on large mode area fibers?, 21st International Conference on Optical Fibre Sensors OFS-21, 15-19.05.11 Ottawa, Canada, <i>Proc. of SPIE<\/i><b>, 7<\/b><b>753<\/b>, (2011), 775344-1-775344-4,<\/li>\n<li>H. Krisch, T. Nasilowski, N. Fernandes, M. Lau, P. Lutkowski, M. Skupski, K. Gossner, S. Tournillon, R. Plaga, L. Jaroszewicz, T. Wolinski ?Analysis of optical fiber interferometer sensor bonded to flat diaphragm for dynamic stress measurement at high temperature? , 21st International Conference on Optical Fibre Sensors OFS-21, 15-19.05.11 Ottawa, Canada, <i>Proc. of SPIE<\/i><b>, 7753<\/b>, (2011), 77531O-1-77531O-4,<\/li>\n<li>T. Nasilowski, K. Skorupski, M. Makara, G. Statkiewicz-Barabach, P. Mergo, P. Marc, L. Jaroszewicz ?Very high polarimetric sensitivity to strain of second order mode of highly birefringent microstructured fibre? , 21st International Conference on Optical Fibre Sensors OFS-21, 15-19.05.11 Ottawa, Canada, <i>Proc. of SPIE<\/i><b>, 7753<\/b>, (2011), 77533O-1-77533O-4,<\/li>\n<li>L. R. Jaroszewicz,\u00a0 M.\u00a0 Kujawi\u0144ska, K. Stasiewicz, P. Mar\u0107, T. Nasi\u0142owski,\u00a0 M. Murawski, M. Szyma\u0144ski, B. Siwicki, W. Krauze ?Investigation of refractive index distribution in different photonic crystal fiber elements?, <i>Proc. of SPIE, <\/i><b>8011,<\/b><i> <\/i>(2011), 801154-1801154-11,<\/li>\n<li>L. R. Jaroszewicz, Z. Krajewski, K. P. Teisseyre ?The possibility of a continuous monitoring of the horizontal buildings&#8217; rotation by the fiber-optic rotational seismograph AFORS type?, 6th European Workshop on the seismic behaviour of Irregular and Complex Structures (6EWICS), 12?13.09.2011 Haifa, Israel.<\/li>\n<\/ul>\n<h3>\u00a0Books:<\/h3>\n<ul>\n<li>L.R. Jaroszewicz, A. Kurzych, Z. Krajewski, J. K. Kowalski, K.P. Teisseyre ?FOSREM &#8211; Fibre-Optic System for Rotational Events &amp; Phenomena Monitoring: construction, investigation and area of application? in Z. Zembaty and M. De Stefano (Eds): Seismic Behaviour and Design of Irregular and Complex Civil Structures II, Springer (2015), Ch. 5, 49-64,<\/li>\n<li>A. Kurzych, K. P. Teisseyre, Z. Krajewski, L.R. Jaroszewicz ?Rotational Components of the Seismic Fields Caused by Local Events? in Abbas Moustafa (Ed): Earthquake Engineering ? form Engineering Seismology to Optimal Seismic Design of Engineering Structures, InTech Rijeka, Croatia, 2015, Ch.6, 163-188,<\/li>\n<li>L.R. Jaroszewicz ed., Fifth European Workshop on Optical Fibre Sensors, Proceedings of SPIE v. 8794, (2013), 708 pages, 149 papers<\/li>\n<li>L.R. Jaroszewicz, Z. Krajewski, K. P. Teisseyre ?The Possibility of a continuous monitoring of the horizontal buildings? rotation by the fiber-optic rotational seismograph AFORS type? in Oren Lavan, Mario De Stefano (Eds): Seismic Behaviour and Design of Irregular and Complex Civil Structures, Springer 2013, Ch.23, 339-351,<\/li>\n<li>L.R. Jaroszewicz, Z. Krajewski, K. P. Teisseyre ?Fibre-Optic Sagnac Interferometer as Seismograph for Direct Monitoring of Rotation Events? in D&#8217;Amico Sebastiano (Ed): Earthquake Research and Analysis\/Book 5, InTech Open Access Publisher<b>,<\/b> Rijeka 2012, Ch.16, 335-354<\/li>\n<\/ul>\n<h3>Patents:<b><\/b><\/h3>\n<ul>\n<li>L.R. Jaroszewicz, P. Mar\u0107, P. Pura-Pawlikowska ?Process for preparation polimer converter for connecting optical fibers and polimer converter for connecting optical fibers?, Pat. Appl. PCT\/IB2015\/5059519, 10-12-2015<\/li>\n<li>L.R. Jaroszewicz, M. Murawski, \u0141. Ostrowski, T. Nasi\u0142owski ?Thermal bonding of optical fibres?, Pat. Appl. EP 14189114.3, 15-10-2014<\/li>\n<li>L.R. Jaroszewicz, M. Murawski, \u0141. Ostrowski, T. Nasi\u0142owski ?Thermal bonding of optical fibres?, Pat. Appl. US 14514413, 15-10-2014<\/li>\n<li>L&gt;R. Jaroszewicz, P. Mar\u0107, N. Przybysz, T. Nasi\u0142owski ?Optical fibre sensor, particularly of temperature?, Pat. Appl. EP 14189112.7, 15-10-2014<\/li>\n<li>L.R. Jaroszewicz, P. Mar\u0107, N. Przybysz, T. Nasi\u0142owski ?Optical fibre sensor, particularly of temperature?, Pat. Appl. US 14514623, 15-10-2014<\/li>\n<li>L.R. Jaroszewicz, P. Mar\u0107, N. Przybysz ?Fibre-optic electric current sensor?, Pat. Appl. US 14514609, 15-10-2014<\/li>\n<li>L.R. Jaroszewicz, P. Mar\u0107, N. Przybysz ?Fibre-optic electric current sensor?, Pat. Appl. EP 14189113.5, 15-10-2014<\/li>\n<li>L.R. Jaroszewicz, M. Murawski, \u0141. Ostrowski, T. Nasi\u0142owski ?Spos\u00f3b termicznego \u0142\u0105czenia \u015bwiat\u0142owod\u00f3w?, Pat. Appl. PLA 408643, 24-06-2014<\/li>\n<li>L.R. Jaroszewicz, P. Mar\u0107, N. Przybysz, T. Nasi\u0142owski ?Czujnik \u015bwiat\u0142owodowy, zw\u0142aszcza temperatury?,\u00a0Pat. Appl. PLA 408644. 24-06-2014<\/li>\n<li>L.R. Jaroszewicz, P. Mar\u0107, N. Przybysz<strong> ?<\/strong>\u015awiat\u0142owodowy czujnik nat\u0119\u017cenia pr\u0105du elektrycznego?,\u00a0Pat. Appl. PLA 408645, 24-06-2014<\/li>\n<li>L.R. Jaroszewicz, K. A. Stasiewicz, J. E. Musia\u0142 ?Progowy \u015bwiat\u0142owodowy czujnik temperatury?,\u00a0Pat. Appl. PLA 408646, 24-06-2014<\/li>\n<li>L.R. Jaroszewicz, P. Mar\u0107, P. Pura, I. Jakubowska ?\u015awiat\u0142owodowy czujnik substancji chemicznych, zw\u0142aszcza Bojowych \u015arodk\u00f3w Truj\u0105cych, w szczeg\u00f3lno\u015bci sarinu lub iperytu i ich pochodnych oraz spos\u00f3b wytwarzania \u015bwiat\u0142owodowego czujnika substancji chemicznych zw\u0142aszcza Bojowych \u015arodk\u00f3w Truj\u0105cych, w szczeg\u00f3lno\u015bci sarinu lub iperytu i ich pochodnych?,\u00a0Pat. Appl. PLA 408653, 24-06-2014<\/li>\n<li>L.R. Jaroszewicz, P. Mar\u0107, P. Pura, I. Jakubowska ?\u015awiat\u0142owodowy czujnik substancji chemicznych oraz spos\u00f3b wytwarzania czujnika substancji chemicznych?,\u00a0Pat. Appl. PLA 408652, 24-06-2014<\/li>\n<li>K. Pawlik, L.R. Jaroszewicz, T. Nasi\u0142owski, M. D\u0142ubek, R. Kalisz. J. Kalisz, M. Murawski, M. Szyma\u0144ski, \u0141. Ostrowski ?Method for fusion splicing of optical fibres?, Pat. Appl. EPO 12460068.5-1504, 19-06-2013<\/li>\n<li>K. Pawlik, L.R. Jaroszewicz, T. Nasi\u0142owski, M. D\u0142ubek, R. Kalisz. J. Kalisz, M. Murawski, M. Szyma\u0144ski, \u0141. Ostrowski ?Metoda dla topionego po\u0142\u0105czenia w\u0142\u00f3kien optycznych?,\u00a0 Pat. Appl. PL A 40063612, 03-09-2012<\/li>\n<\/ul>\n","protected":false},"excerpt":{"rendered":"<p>(impact factor ? 2.86) P. Pura, M. Szyma\u0144ski, M. Dudek, L. R. Jaroszewicz, P. Mar\u0107, M. Kujawi\u0144ska ?Polymer Microtips at Different Types of Optical Fibers as Functional Elements for Sensing Applications&#8221;, J. Lightwave Techn., 33 (12), (2015), 2398-2404, Mar\u0107, N. Przybysz, K. Stasiewicz, L. R. Jaroszewicz ?Alkanes-filled Photonic Crystal Fibers as sensor transducers?, 24th International [&hellip;]<\/p>\n","protected":false},"author":1,"featured_media":0,"parent":338,"menu_order":0,"comment_status":"closed","ping_status":"open","template":"","meta":{"ngg_post_thumbnail":0,"footnotes":""},"class_list":["post-613","page","type-page","status-publish","hentry"],"_links":{"self":[{"href":"https:\/\/jaroszewicz.com\/index.php?rest_route=\/wp\/v2\/pages\/613","targetHints":{"allow":["GET"]}}],"collection":[{"href":"https:\/\/jaroszewicz.com\/index.php?rest_route=\/wp\/v2\/pages"}],"about":[{"href":"https:\/\/jaroszewicz.com\/index.php?rest_route=\/wp\/v2\/types\/page"}],"author":[{"embeddable":true,"href":"https:\/\/jaroszewicz.com\/index.php?rest_route=\/wp\/v2\/users\/1"}],"replies":[{"embeddable":true,"href":"https:\/\/jaroszewicz.com\/index.php?rest_route=%2Fwp%2Fv2%2Fcomments&post=613"}],"version-history":[{"count":8,"href":"https:\/\/jaroszewicz.com\/index.php?rest_route=\/wp\/v2\/pages\/613\/revisions"}],"predecessor-version":[{"id":1181,"href":"https:\/\/jaroszewicz.com\/index.php?rest_route=\/wp\/v2\/pages\/613\/revisions\/1181"}],"up":[{"embeddable":true,"href":"https:\/\/jaroszewicz.com\/index.php?rest_route=\/wp\/v2\/pages\/338"}],"wp:attachment":[{"href":"https:\/\/jaroszewicz.com\/index.php?rest_route=%2Fwp%2Fv2%2Fmedia&parent=613"}],"curies":[{"name":"wp","href":"https:\/\/api.w.org\/{rel}","templated":true}]}}