{"id":618,"date":"2013-11-03T13:52:44","date_gmt":"2013-11-03T12:52:44","guid":{"rendered":"http:\/\/leszek.jaroszewicz.com\/?page_id=618"},"modified":"2020-01-05T17:20:38","modified_gmt":"2020-01-05T16:20:38","slug":"photonics-correlated-with-liquid-crystals-technology-2015-2011","status":"publish","type":"page","link":"https:\/\/jaroszewicz.com\/?page_id=618","title":{"rendered":"Photonics correlated with liquid crystals technology, 2015-2011"},"content":{"rendered":"<ul>\n<li><strong>(impact factor 3.52)<\/strong> R. Kowerdziej, L. Jaroszewicz, M. Olifierczuk, J. Parka ?Experimental study on terahertz metamaterial embedded in nematic liquid crystal?, <em>Phys. Lett<\/em>, <strong>106<\/strong>(9), (2015), 092905,<\/li>\n<li>N. Benis, Z. Ho\u0142dy\u0144ski, I. Merta, P. Mar\u0107, P. Kula<strong>, <\/strong>L. R. Jaroszewicz ?Hybrid Young interferometer for high resolution measurement of dynamic speckle using high birefringence liquid crystal? International Conference on Speckle Metrology, 24-26.08.2015, Guanatjuato, Mexico<em>, Proc. of SPIE, <\/em><strong>9660 <\/strong>(2015), 96600W-1,<\/li>\n<li><strong>(impact factor 1.279)<\/strong> Z. Raszewski, W. Piecek, L.R. Jaroszewicz, R. D\u0105browski, E. Kruszelnicki-Nowinowski, L. Soms, M. Olifierczuk, J. K\u0119dzierski, P. Morowiak, R. Mazur, E. Miszczyk. M. Mrukiewicz, K. Kowiorski ?Transparent laser damage resistant nematic liquid crystal cell &#8220;LCNP3&#8221;?,\u00a0 <em>Opto-Electron. <\/em><em>Rev.<strong>,<\/strong><\/em><strong> 22<\/strong>(3), (2014), 196-200,<\/li>\n<li><strong>(impact factor ? 1,2790)<\/strong> J. K\u0119dzierski, K. Garbat, Z. Raszewski, M.A. Kojdecki, K. Kowiorski, L.R. Jaroszewicz, E. Miszczak, R. D\u0105browski, J. Zieli\u0144ski, W. Piecek ?Optical properties of a liquid crystal with small ordinary and extraordinary refractive indices and small optical anisotropy?, <em>Opto-Electron. <\/em><em>Rev.<strong>,<\/strong><\/em><strong> 22<\/strong>(3),(2014), 162-165,<\/li>\n<li>Z. Raszewski, W. Piecek, L. Jaroszewicz, E. Nowinowski-Kruszelnicki, P. Perkowski, L. Soms, R. Dabrowski, J. Kedzierski, M. Olifierczuk, M. Mrukiewicz, E. Miszczyk, P. Morawiak, R. Mazur, K. Kowiorski ?High birefringence liquid crystals mixtures and their selected applications?,\u00a0 <em>Advanced Materials Research , <\/em><strong>909 (<\/strong>2014), 12-18,<\/li>\n<li>M. Cho\u0142uj, P. Kula,R. D\u0105browski, M. Tykarska, L. Jaroszewicz ?Synthesis and mesomorphic properties of lateralny fluorinated alkyl 4??-alkylterphenyl-4-yl carbonate liquid crystals?, <em>J. of Materials Chemistry C,<\/em> (2013), DOI: 10.1039\/c3tc31461h,<\/li>\n<li><strong>(impact factor ? 2.1850)<\/strong> Z. Raszewski, W. Piecek, L. Jaroszewicz, L. Soms, J. Marczak, E. Nowinowski-Kruszelnicki, P. Perkowski, J. Kedzierski, E. Miszczyk, M. Olifierczuk, P. Morawiak, and R. Mazur ?Laser damage resistant nematic liquid crystal cell<strong>?, <\/strong><em>J. Appl. Phys., <\/em><strong>114<\/strong>, 053104 (2013); DOI: 10.1063\/1.4816682,<\/li>\n<li><strong>(impact factor ? 3.5150)<\/strong> R. Kowerdziej, J. Parka, J. Krupka, M. Olifierczuk,. E. Nowinowski-Kruszelnicki, L. Jaroszewicz<strong>,<\/strong> O. Chojnowska ?Dielectric properties of highly anisotropic nematic liquid crystals for tunable microwave components?, <em>App. Phys. Let.,<\/em> <strong>103<\/strong> (2013), 172902,<\/li>\n<li><strong>(impact factor ? 1.0040)<\/strong> P.Perkowski, K. Ogrodnik, M. Zurowska, W. Piecek, R. D\u0105browski, Z. Raszewski, L.R. Jaroszewicz, ?Antiferroelectric and ferroelectric SmC*<sub>A<\/sub> phases in racemic mixture?, <em>Phase Transitions, <\/em><strong>86<\/strong>(2-3)<em>,<\/em> (2013), 138-146,<\/li>\n<li><strong>(impact factor ? 2.3490)<\/strong> P. Perkowski, M. Mrukiewicz, M. \u017burowska, R. D\u0105browski, L. Jaroszewicz ?Dielectric modes in antiferroelectric liquid crystal observed at low temperatures?, <em>Liquid Crystals<\/em>, <strong>40<\/strong>(7), (2013), DOI:10.1080\/02678292.2013.795622,<\/li>\n<li><strong>(impact factor &#8211; 1.6106)<\/strong> P. Kula, J. Herman, P. Perkowski, M. Mrukiewicz, L.R Jaroszewicz ?On the influence of the chiral side linking bridge type upon the synclinic vs. anticlinic balance in the case of 2&#8242;,3&#8242;-difluoroterphenyl derivatives?, <i>Liquid Crystals,<b> <\/b><\/i><b>40<\/b>(2), (2013), 256-266,<\/li>\n<li><strong>(impact factor &#8211; 1.0022)<\/strong> P. Perkowski, K. Ogrodnik, M.\u00a0Zurowska, W. Piecek, R. D\u0105browski, Z. Raszewski, L. Jaroszewicz, &#8220;Antiferroelectric and ferroelectric SmC*<sub>A<\/sub> phases in racemic mixture?,\u00a0 <i>Phase Transitions, <\/i><b>86<\/b>(2-3)<i>,<\/i> (2013), 138-146,<\/li>\n<li><strong>(impact factor &#8211; 1.6106)<\/strong> P. Perkowski, M. Mrukiewicz, M. \u017burowska, R. D\u0105browski, L. Jaroszewicz ?Dielectric modes in antiferroelectric liquid crystal observed at low temperatures?, Liquid Crystals, (2013), DOI:10.1080\/02678292.2013.795622<\/li>\n<li><strong>(impact factor &#8211; 2.1430)<\/strong> Z. Raszewski, W. Piecek,\u00a0 L. Jaroszewicz, L. Soms, J. Marczak, E. Nowinowski-Kruszelnicki, P. Perkowski, J. Kedzierski, E. Miszczyk, M. Olifierczuk, P. Morawiak, and R. Mazur ?Laser damage resistant nematic liquid crystal cell<b>?, <\/b><i>J. Appl. Phys., <\/i><b>114<\/b>, 053104 (2013); doi: 10.1063\/1.4816682<\/li>\n<li><strong>(impact factor &#8211; 3.7476)<\/strong> R. Kowerdziej, J. Parka, J. Krupka, M. Olifierczuk,. E. Nowinowski-Kruszelnicki, L. Jaroszewicz, O. Chojnowska ?Dielectric properties of highly anisotropic nematic liquid crystals for tunable microwave components?, <i>App. <\/i><i>Phys. Let.,<\/i> <b>103<\/b> (2013), 172902,<\/li>\n<li><strong>(impact factor &#8211; 1.858)<\/strong> M. Olifierczuk, R. Kowerdziej, L. Jaroszewicz, M. Czerwi\u0144ski, J. Parka ?Numerical analysis of THz metamaterial with high birefringence liquid crystal?, Liquid Crystals, <b>39<\/b>(6), (2012), 739-744,<\/li>\n<li><strong>(impact factor &#8211; 0.541)<\/strong> E. Nowinowski-Kruszelnicki, J. Kedzierski, Z. Raszewski, L. Jaroszewicz, R. Dabrowski, M. Kojdecki, W. Piecek, P. Perkowski, K. Garbat, M. Olifierczuk, M. Sutkowski, K. Ogrodnik, P. Morawiak, E. Miszczyk, ?High birefringence liquid crystal mixtures for electro-optical devices?, <i>Opt. Appl.,<\/i> <b>42(1<\/b>), (2012), 167-180,<\/li>\n<li><strong>(impact factor &#8211; 0.53)<\/strong> U. Chodorow, J. Parka, K. Garbat,\u00a0 N. Palka, K. Czuprynski, L. Jaroszewicz, ?Spectral Properties of Nematic Liquid Crystal Mixtures Composed with Long and Short Molecules in THz Frequency Range?, <i>MCLC<\/i>,\u00a0 <b>561<\/b>, (2012), 74-81,<\/li>\n<li><strong>(impact factor &#8211; 0.3923)<\/strong> E. Nowinowski-Kruszelnicki, J. Kedzierski, Z. Raszewski<b>, <\/b>L. Jaroszewicz<b>, <\/b>M. Kojdecki, W. Piecek, P. Perkowski, M. Olifierczuk, E. Miszczyk, K. Ogrodnik, P. Morawiak, ?Measurement of elastic constants of nematic liquid crystals with use of hybrid in-plane-switched cell?, <i>Opto-Electron. Rev., <\/i><b>20<\/b>(3), (2012), 255-259,<\/li>\n<li><strong>(impact factor &#8211; 1.959)<\/strong> M. Czerwi\u0144ski, M. Tykarska, R. D\u0105browski, A. Che\u0142stowska, M. \u017burowska, R. Kowerdziej, L. R. Jaroszewicz<b> <\/b>?The influence of structure and concentration of cyanoterminated and terphenyl dopants on helical pitch and helical twist sense in orthoconic antiferroelectric mixtures?, <i>Liquid Crystals<\/i>,<b> XX,<\/b> (2012), DOI:10.1080\/02678292.2012.723047,<\/li>\n<li><strong>(impact factor &#8211; 0.863)<\/strong> W. Piecek, R. D\u0105browski, P. Morowiak, M. \u017bUrowska, L. Jaroszewicz\u00a0?The orthoconic antiferroelectric smectic liquid crystals and their engineering by doping with homo- and heterostructural compounds?, <i>Phase Transitions, <b>XX<\/b>, (2012),<\/i> DOI:10.1080\/01411594.2012.711832,<\/li>\n<li><strong>(impact factor &#8211; 0.923)<\/strong> E. Nowinowski-Kruszelnicki, L. Jaroszewicz, Z. Raszewski, L. Soms, W. Piecek, P. Perkowski, J. K\u0119dzierski, R. D\u0105browski, M. Olifierczuk, K. Garbat<b>, <\/b>E. Miszczyk ?Liquid crystal cell for spce-borne laser rangefinder to space mission applications?, <i>Opto-Electron. Rev.<b>,<\/b><\/i><b> 20 (4), <\/b>(2012),\u00a0 DOI:10.24.78\/ s11772-012-0045-7<\/li>\n<li>K. Garbat, P. Garbat, L. Jaroszewicz ?Liquid crystal materials and structures for image processing and 3D shape acquisition?, Conference on Three-Dimensional Image Processing (3DIP) and Applications II, JAN 24-26, (2012),\u00a0 82901B,<\/li>\n<li>\u00a0<strong>(impact factor &#8211; 0.58<\/strong>) K. Ogrodnik, P. Perkowski, Z. Raszewski, W. Piecek, M. Zurowska, R. D\u0105browski, L. Jaroszewicz &#8220;Dielectric measurements of orthoconic antiferroelectric liquid crystal mixtures?, <em>MLCL<\/em>, <b>547<\/b>, (2011), 54-64<b>,\u00a0<\/b><\/li>\n<li><strong>(impact factor &#8211; 1.858)<\/strong> P. Perkowski, K. Ogrodnik, W. Piecek, Z. Raszewski, M. \u017burawska, R. D\u0105browski,<b> <\/b>L. Jaroszewicz<b> <\/b>?BIAS filed influence on SmC*-SmCA* chase translation and detected dielectric modes?, <i>Liquid Crystals<\/i>, <b>38 (9),<\/b> (2011), 1159-1167.<\/li>\n<\/ul>\n<h3>Books:<\/h3>\n<ul>\n<li>L. R. Jaroszewicz, Z. Raszewski, W. Piecek, P. Perkowski, E. Nowinowski-Kruszelnicki: Liquid Crystal Light Modulators, BEL Studio Ltd., Warsaw 2014, pages 107<\/li>\n<\/ul>\n<h3>Patents:<b><\/b><\/h3>\n<ul>\n<li>R. D\u0105browski, K. Milewska, W. Drzewi\u0144ski, M. \u017burowska, M. Czerwi\u0144ski, W. Piecek, L.R. Jaroszewicz ?Wysokok\u0105towa antyferroelektryczna mieszanina wykazuj\u0105ca bezpo\u015brednie przej\u015bcie z fazy antyferroelektrycznej do fazy izotropowej?, PAt. Appl. P-41172, 23-03-2015<\/li>\n<li>P. Kula, R.S. D\u0105browski, J. Herman, L.R.Jaroszewicz ?Nematyczna mieszanina ciek\u0142okrystaliczna o obni\u017conej absorbancji w zakresie promieniowania 0,4-6,0 ?m i zwi\u0105zki do jej sporz\u0105dzenia?, Pat. Appl. P-401334, 24-10-2012<\/li>\n<\/ul>\n","protected":false},"excerpt":{"rendered":"<p>(impact factor 3.52) R. Kowerdziej, L. Jaroszewicz, M. Olifierczuk, J. Parka ?Experimental study on terahertz metamaterial embedded in nematic liquid crystal?, Phys. Lett, 106(9), (2015), 092905, N. Benis, Z. Ho\u0142dy\u0144ski, I. Merta, P. Mar\u0107, P. Kula, L. R. Jaroszewicz ?Hybrid Young interferometer for high resolution measurement of dynamic speckle using high birefringence liquid crystal? International [&hellip;]<\/p>\n","protected":false},"author":1,"featured_media":0,"parent":338,"menu_order":1,"comment_status":"closed","ping_status":"open","template":"","meta":{"ngg_post_thumbnail":0,"footnotes":""},"class_list":["post-618","page","type-page","status-publish","hentry"],"_links":{"self":[{"href":"https:\/\/jaroszewicz.com\/index.php?rest_route=\/wp\/v2\/pages\/618","targetHints":{"allow":["GET"]}}],"collection":[{"href":"https:\/\/jaroszewicz.com\/index.php?rest_route=\/wp\/v2\/pages"}],"about":[{"href":"https:\/\/jaroszewicz.com\/index.php?rest_route=\/wp\/v2\/types\/page"}],"author":[{"embeddable":true,"href":"https:\/\/jaroszewicz.com\/index.php?rest_route=\/wp\/v2\/users\/1"}],"replies":[{"embeddable":true,"href":"https:\/\/jaroszewicz.com\/index.php?rest_route=%2Fwp%2Fv2%2Fcomments&post=618"}],"version-history":[{"count":7,"href":"https:\/\/jaroszewicz.com\/index.php?rest_route=\/wp\/v2\/pages\/618\/revisions"}],"predecessor-version":[{"id":1193,"href":"https:\/\/jaroszewicz.com\/index.php?rest_route=\/wp\/v2\/pages\/618\/revisions\/1193"}],"up":[{"embeddable":true,"href":"https:\/\/jaroszewicz.com\/index.php?rest_route=\/wp\/v2\/pages\/338"}],"wp:attachment":[{"href":"https:\/\/jaroszewicz.com\/index.php?rest_route=%2Fwp%2Fv2%2Fmedia&parent=618"}],"curies":[{"name":"wp","href":"https:\/\/api.w.org\/{rel}","templated":true}]}}